{"id":345842,"date":"2024-08-28T07:00:32","date_gmt":"2024-08-28T07:00:32","guid":{"rendered":"https:\/\/quartier-rouge-be.com\/?post_type=product&#038;p=345842"},"modified":"2025-06-18T12:36:00","modified_gmt":"2025-06-18T12:36:00","slug":"cassiechou","status":"publish","type":"product","link":"https:\/\/quartier-rouge-be.com\/nl\/escorte\/cassiechou\/","title":{"rendered":"CassieChou"},"content":{"rendered":"<p>Hello!! Je m&#8217;appelle Cassandra, Cassie pour les intimes, je cherche pas trop loin de chez moi pour passer des moments sympas et je l&#8217;esp\u00e8re, bien plus&#8230;&#8230;.rien de trop s\u00e9rieux mais quand m\u00eame plus qu&#8217;un coup d&#8217;un soir&#8230;voila, tout est dit&#8230;.si tu veux en savoir plus sur moi, tu sais quoi faire&#8230;&#8230;xoxo<\/p>","protected":false},"excerpt":{"rendered":"<p>Hello!! Je m&#8217;appelle Cassandra, Cassie pour les intimes, je cherche pas trop loin de chez moi pour passer des moments sympas et je l&#8217;esp\u00e8re, bien plus&#8230;&#8230;.rien de trop s\u00e9rieux mais quand m\u00eame plus qu&#8217;un coup d&#8217;un soir&#8230;voila, tout est dit&#8230;.si tu veux en savoir plus sur moi, tu sais quoi faire&#8230;&#8230;xoxo<\/p>","protected":false},"featured_media":12393068,"template":"","meta":[],"product_brand":[],"product_cat":[2653],"product_tag":[2546,2545,2540,2539,2547,2544,2542,2543,2537,2538,2541],"class_list":{"0":"post-345842","1":"product","2":"type-product","3":"status-publish","4":"has-post-thumbnail","6":"product_cat-brussel-escorts","7":"product_tag-4myfans","8":"product_tag-escort-girls","9":"product_tag-hot-girls","10":"product_tag-meet-girls","11":"product_tag-only-fans","12":"product_tag-prive-ontvangst","13":"product_tag-red-lights","14":"product_tag-redlichts","15":"product_tag-redlights","16":"product_tag-sexy-girls","17":"product_tag-youppie","18":"pa_enjoys-lingerie-pleasure-with-escort-girls","19":"pa_enjoys-no-condom-pleasures-with-escort-girls","20":"pa_enjoys-role-play-with-escort-girls","21":"pa_enjoys-shaved-escort-girls","22":"pa_enjoys-spanking-pleasure-with-escort-girls","23":"pa_enjoys-uniform-pleasure-with-escort-girls","25":"first","26":"instock","27":"shipping-taxable","28":"product-type-external"},"yoast_head":"<!-- This site is optimized with the Yoast SEO Premium plugin v22.3 (Yoast SEO v27.3) - https:\/\/yoast.com\/product\/yoast-seo-premium-wordpress\/ -->\n<title>CassieChou - Quartier-Rouge<\/title>\n<meta name=\"description\" content=\"CassieChou is a girl that is available in Belguim from Quartier Rouge BE for you to contact. Contact CassieChou today. Quartier-Rouge\" \/>\n<meta name=\"robots\" content=\"index, follow, max-snippet:-1, max-image-preview:large, max-video-preview:-1\" \/>\n<link rel=\"canonical\" href=\"https:\/\/quartier-rouge-be.com\/nl\/escorte\/cassiechou\/\" \/>\n<meta property=\"og:locale\" content=\"nl_BE\" \/>\n<meta property=\"og:type\" content=\"article\" \/>\n<meta property=\"og:title\" content=\"CassieChou\" \/>\n<meta property=\"og:description\" content=\"CassieChou is a girl that is available in Belguim from Quartier Rouge BE for you to contact. Contact CassieChou today. Quartier-Rouge\" \/>\n<meta property=\"og:url\" content=\"https:\/\/quartier-rouge-be.com\/nl\/escorte\/cassiechou\/\" \/>\n<meta property=\"og:site_name\" content=\"Quartier-Rouge\" \/>\n<meta property=\"article:modified_time\" content=\"2025-06-18T12:36:00+00:00\" \/>\n<meta property=\"og:image\" content=\"https:\/\/quartier-rouge-be.com\/wp-content\/uploads\/2023\/10\/345842_1.jpg\" \/>\n\t<meta property=\"og:image:width\" content=\"1\" \/>\n\t<meta property=\"og:image:height\" content=\"1\" \/>\n\t<meta property=\"og:image:type\" content=\"image\/jpeg\" \/>\n<meta name=\"twitter:card\" content=\"summary_large_image\" \/>\n<script type=\"application\/ld+json\" class=\"yoast-schema-graph\">{\"@context\":\"https:\\\/\\\/schema.org\",\"@graph\":[{\"@type\":\"WebPage\",\"@id\":\"https:\\\/\\\/quartier-rouge-be.com\\\/escort\\\/cassiechou\\\/\",\"url\":\"https:\\\/\\\/quartier-rouge-be.com\\\/escort\\\/cassiechou\\\/\",\"name\":\"CassieChou - Quartier-Rouge\",\"isPartOf\":{\"@id\":\"https:\\\/\\\/quartier-rouge-be.com\\\/#website\"},\"primaryImageOfPage\":{\"@id\":\"https:\\\/\\\/quartier-rouge-be.com\\\/escort\\\/cassiechou\\\/#primaryimage\"},\"image\":{\"@id\":\"https:\\\/\\\/quartier-rouge-be.com\\\/escort\\\/cassiechou\\\/#primaryimage\"},\"thumbnailUrl\":\"https:\\\/\\\/quartier-rouge-be.com\\\/wp-content\\\/uploads\\\/2023\\\/10\\\/345842_1.jpg\",\"datePublished\":\"2024-08-28T07:00:32+00:00\",\"dateModified\":\"2025-06-18T12:36:00+00:00\",\"description\":\"CassieChou is a girl that is available in Belguim from Quartier Rouge BE for you to contact. Contact CassieChou today. Quartier-Rouge\",\"breadcrumb\":{\"@id\":\"https:\\\/\\\/quartier-rouge-be.com\\\/escort\\\/cassiechou\\\/#breadcrumb\"},\"inLanguage\":\"nl-BE\",\"potentialAction\":[{\"@type\":\"ReadAction\",\"target\":[\"https:\\\/\\\/quartier-rouge-be.com\\\/escort\\\/cassiechou\\\/\"]}]},{\"@type\":\"ImageObject\",\"inLanguage\":\"nl-BE\",\"@id\":\"https:\\\/\\\/quartier-rouge-be.com\\\/escort\\\/cassiechou\\\/#primaryimage\",\"url\":\"https:\\\/\\\/quartier-rouge-be.com\\\/wp-content\\\/uploads\\\/2023\\\/10\\\/345842_1.jpg\",\"contentUrl\":\"https:\\\/\\\/quartier-rouge-be.com\\\/wp-content\\\/uploads\\\/2023\\\/10\\\/345842_1.jpg\",\"caption\":\"CassieChou\"},{\"@type\":\"BreadcrumbList\",\"@id\":\"https:\\\/\\\/quartier-rouge-be.com\\\/escort\\\/cassiechou\\\/#breadcrumb\",\"itemListElement\":[{\"@type\":\"ListItem\",\"position\":1,\"name\":\"Home\",\"item\":\"https:\\\/\\\/quartier-rouge-be.com\\\/\"},{\"@type\":\"ListItem\",\"position\":2,\"name\":\"Quartier Rouge Escorts\",\"item\":\"https:\\\/\\\/quartier-rouge-be.com\\\/\"},{\"@type\":\"ListItem\",\"position\":3,\"name\":\"CassieChou\"}]},{\"@type\":\"WebSite\",\"@id\":\"https:\\\/\\\/quartier-rouge-be.com\\\/#website\",\"url\":\"https:\\\/\\\/quartier-rouge-be.com\\\/\",\"name\":\"Quartier Rouge BE\",\"description\":\"\",\"publisher\":{\"@id\":\"https:\\\/\\\/quartier-rouge-be.com\\\/#organization\"},\"alternateName\":\"Escorts\",\"potentialAction\":[{\"@type\":\"SearchAction\",\"target\":{\"@type\":\"EntryPoint\",\"urlTemplate\":\"https:\\\/\\\/quartier-rouge-be.com\\\/?s={search_term_string}\"},\"query-input\":{\"@type\":\"PropertyValueSpecification\",\"valueRequired\":true,\"valueName\":\"search_term_string\"}}],\"inLanguage\":\"nl-BE\"},{\"@type\":\"Organization\",\"@id\":\"https:\\\/\\\/quartier-rouge-be.com\\\/#organization\",\"name\":\"Quartier Rouge BE\",\"url\":\"https:\\\/\\\/quartier-rouge-be.com\\\/\",\"logo\":{\"@type\":\"ImageObject\",\"inLanguage\":\"nl-BE\",\"@id\":\"https:\\\/\\\/quartier-rouge-be.com\\\/#\\\/schema\\\/logo\\\/image\\\/\",\"url\":\"https:\\\/\\\/quartier-rouge-be.com\\\/wp-content\\\/uploads\\\/2023\\\/10\\\/cropped-Quartier-rouge-be.png\",\"contentUrl\":\"https:\\\/\\\/quartier-rouge-be.com\\\/wp-content\\\/uploads\\\/2023\\\/10\\\/cropped-Quartier-rouge-be.png\",\"width\":235,\"height\":38,\"caption\":\"Quartier Rouge BE\"},\"image\":{\"@id\":\"https:\\\/\\\/quartier-rouge-be.com\\\/#\\\/schema\\\/logo\\\/image\\\/\"}}]}<\/script>\n<!-- \/ Yoast SEO Premium plugin. -->","yoast_head_json":{"title":"CassieChou - Quartier-Rouge","description":"CassieChou is a girl that is available in Belguim from Quartier Rouge BE for you to contact. Contact CassieChou today. Quartier-Rouge","robots":{"index":"index","follow":"follow","max-snippet":"max-snippet:-1","max-image-preview":"max-image-preview:large","max-video-preview":"max-video-preview:-1"},"canonical":"https:\/\/quartier-rouge-be.com\/nl\/escorte\/cassiechou\/","og_locale":"nl_BE","og_type":"article","og_title":"CassieChou","og_description":"CassieChou is a girl that is available in Belguim from Quartier Rouge BE for you to contact. Contact CassieChou today. Quartier-Rouge","og_url":"https:\/\/quartier-rouge-be.com\/nl\/escorte\/cassiechou\/","og_site_name":"Quartier-Rouge","article_modified_time":"2025-06-18T12:36:00+00:00","og_image":[{"url":"https:\/\/quartier-rouge-be.com\/wp-content\/uploads\/2023\/10\/345842_1.jpg","width":1,"height":1,"type":"image\/jpeg"}],"twitter_card":"summary_large_image","schema":{"@context":"https:\/\/schema.org","@graph":[{"@type":"WebPage","@id":"https:\/\/quartier-rouge-be.com\/escort\/cassiechou\/","url":"https:\/\/quartier-rouge-be.com\/escort\/cassiechou\/","name":"CassieChou - Quartier-Rouge","isPartOf":{"@id":"https:\/\/quartier-rouge-be.com\/#website"},"primaryImageOfPage":{"@id":"https:\/\/quartier-rouge-be.com\/escort\/cassiechou\/#primaryimage"},"image":{"@id":"https:\/\/quartier-rouge-be.com\/escort\/cassiechou\/#primaryimage"},"thumbnailUrl":"https:\/\/quartier-rouge-be.com\/wp-content\/uploads\/2023\/10\/345842_1.jpg","datePublished":"2024-08-28T07:00:32+00:00","dateModified":"2025-06-18T12:36:00+00:00","description":"CassieChou is a girl that is available in Belguim from Quartier Rouge BE for you to contact. Contact CassieChou today. Quartier-Rouge","breadcrumb":{"@id":"https:\/\/quartier-rouge-be.com\/escort\/cassiechou\/#breadcrumb"},"inLanguage":"nl-BE","potentialAction":[{"@type":"ReadAction","target":["https:\/\/quartier-rouge-be.com\/escort\/cassiechou\/"]}]},{"@type":"ImageObject","inLanguage":"nl-BE","@id":"https:\/\/quartier-rouge-be.com\/escort\/cassiechou\/#primaryimage","url":"https:\/\/quartier-rouge-be.com\/wp-content\/uploads\/2023\/10\/345842_1.jpg","contentUrl":"https:\/\/quartier-rouge-be.com\/wp-content\/uploads\/2023\/10\/345842_1.jpg","caption":"CassieChou"},{"@type":"BreadcrumbList","@id":"https:\/\/quartier-rouge-be.com\/escort\/cassiechou\/#breadcrumb","itemListElement":[{"@type":"ListItem","position":1,"name":"Home","item":"https:\/\/quartier-rouge-be.com\/"},{"@type":"ListItem","position":2,"name":"Quartier Rouge Escorts","item":"https:\/\/quartier-rouge-be.com\/"},{"@type":"ListItem","position":3,"name":"CassieChou"}]},{"@type":"WebSite","@id":"https:\/\/quartier-rouge-be.com\/#website","url":"https:\/\/quartier-rouge-be.com\/","name":"Quartier Rouge BE","description":"","publisher":{"@id":"https:\/\/quartier-rouge-be.com\/#organization"},"alternateName":"Escorts","potentialAction":[{"@type":"SearchAction","target":{"@type":"EntryPoint","urlTemplate":"https:\/\/quartier-rouge-be.com\/?s={search_term_string}"},"query-input":{"@type":"PropertyValueSpecification","valueRequired":true,"valueName":"search_term_string"}}],"inLanguage":"nl-BE"},{"@type":"Organization","@id":"https:\/\/quartier-rouge-be.com\/#organization","name":"Quartier Rouge BE","url":"https:\/\/quartier-rouge-be.com\/","logo":{"@type":"ImageObject","inLanguage":"nl-BE","@id":"https:\/\/quartier-rouge-be.com\/#\/schema\/logo\/image\/","url":"https:\/\/quartier-rouge-be.com\/wp-content\/uploads\/2023\/10\/cropped-Quartier-rouge-be.png","contentUrl":"https:\/\/quartier-rouge-be.com\/wp-content\/uploads\/2023\/10\/cropped-Quartier-rouge-be.png","width":235,"height":38,"caption":"Quartier Rouge BE"},"image":{"@id":"https:\/\/quartier-rouge-be.com\/#\/schema\/logo\/image\/"}}]}},"_links":{"self":[{"href":"https:\/\/quartier-rouge-be.com\/nl\/wp-json\/wp\/v2\/product\/345842","targetHints":{"allow":["GET"]}}],"collection":[{"href":"https:\/\/quartier-rouge-be.com\/nl\/wp-json\/wp\/v2\/product"}],"about":[{"href":"https:\/\/quartier-rouge-be.com\/nl\/wp-json\/wp\/v2\/types\/product"}],"wp:featuredmedia":[{"embeddable":true,"href":"https:\/\/quartier-rouge-be.com\/nl\/wp-json\/wp\/v2\/media\/12393068"}],"wp:attachment":[{"href":"https:\/\/quartier-rouge-be.com\/nl\/wp-json\/wp\/v2\/media?parent=345842"}],"wp:term":[{"taxonomy":"product_brand","embeddable":true,"href":"https:\/\/quartier-rouge-be.com\/nl\/wp-json\/wp\/v2\/product_brand?post=345842"},{"taxonomy":"product_cat","embeddable":true,"href":"https:\/\/quartier-rouge-be.com\/nl\/wp-json\/wp\/v2\/product_cat?post=345842"},{"taxonomy":"product_tag","embeddable":true,"href":"https:\/\/quartier-rouge-be.com\/nl\/wp-json\/wp\/v2\/product_tag?post=345842"}],"curies":[{"name":"wp","href":"https:\/\/api.w.org\/{rel}","templated":true}]}}