{"id":345729,"date":"2025-06-18T10:06:49","date_gmt":"2025-06-18T10:06:49","guid":{"rendered":"https:\/\/quartier-rouge-be.com\/escort\/belgiumbomba\/"},"modified":"2025-06-18T12:35:40","modified_gmt":"2025-06-18T12:35:40","slug":"belgiumbomba","status":"publish","type":"product","link":"https:\/\/quartier-rouge-be.com\/nl\/escorte\/belgiebomba\/","title":{"rendered":"Belgi\u00ebBomba"},"content":{"rendered":"<p>Groet! je bent gewoon de m&#039;inschrijving ici, je m&#039;appelle Jenyfer, je suis originaire de Bruxelles en je suis actuellement en couple, mais je m&#039;ennuie en ce moment vraiment, mon mec travaille tout le temps et ne n&#039; a m\u00eame plus de tijd dat ik langer bezig ben, als de reden van mijn aanwezigheid is, zoek je naar een aura van energie en afgunst!! Bisoux<\/p>","protected":false},"excerpt":{"rendered":"<p>Salut! je viens juste de m&#8217;inscrire ici, je m&#8217;appelle Jenyfer, je suis originaire de Bruxelles et je suis actuellement en couple, mais je m&#8217;ennuie en ce moment vraiment, mon mec travaille tout le temps et ne n&#8217; a m\u00eame plus le temps de me baiser, c&#8217;est la raison de ma pr\u00e9sence ici, je recherche quelqu&#8217;un &hellip; <a href=\"https:\/\/quartier-rouge-be.com\/nl\/escorte\/belgiebomba\/\" class=\"more-link\">Lees verder <span class=\"screen-reader-text\">Belgi\u00ebBomba<\/span><\/a><\/p>","protected":false},"featured_media":12392842,"template":"","meta":[],"product_brand":[],"product_cat":[2653],"product_tag":[2546,2545,2540,2539,2547,2544,2542,2543,2537,2538,2541],"class_list":{"0":"post-345729","1":"product","2":"type-product","3":"status-publish","4":"has-post-thumbnail","6":"product_cat-brussel-escorts","7":"product_tag-4myfans","8":"product_tag-escort-girls","9":"product_tag-hot-girls","10":"product_tag-meet-girls","11":"product_tag-only-fans","12":"product_tag-prive-ontvangst","13":"product_tag-red-lights","14":"product_tag-redlichts","15":"product_tag-redlights","16":"product_tag-sexy-girls","17":"product_tag-youppie","18":"pa_enjoys-big-dick-pleasure-with-escort-girls","19":"pa_enjoys-cowgirl-position-with-escort-girls","20":"pa_enjoys-deepthroat-with-escort-girls","21":"pa_enjoys-doggy-style-with-escort-girls","22":"pa_enjoys-handcuffs-fantasies-with-escort-girls","23":"pa_enjoys-muscles-fantasies-with-escort-girls","25":"first","26":"instock","27":"shipping-taxable","28":"product-type-external"},"yoast_head":"<!-- This site is optimized with the Yoast SEO Premium plugin v22.3 (Yoast SEO v27.0) - https:\/\/yoast.com\/product\/yoast-seo-premium-wordpress\/ -->\n<title>BelgiumBomba - Quartier-Rouge<\/title>\n<meta name=\"description\" content=\"BelgiumBomba is a girl that is available in Belguim from Quartier Rouge BE for you to contact. Contact BelgiumBomba today. Quartier-Rouge\" \/>\n<meta name=\"robots\" content=\"index, follow, max-snippet:-1, max-image-preview:large, max-video-preview:-1\" \/>\n<link rel=\"canonical\" href=\"https:\/\/quartier-rouge-be.com\/nl\/escorte\/belgiebomba\/\" \/>\n<meta property=\"og:locale\" content=\"nl_BE\" \/>\n<meta property=\"og:type\" content=\"article\" \/>\n<meta property=\"og:title\" content=\"BelgiumBomba\" \/>\n<meta property=\"og:description\" content=\"BelgiumBomba is a girl that is available in Belguim from Quartier Rouge BE for you to contact. Contact BelgiumBomba today. Quartier-Rouge\" \/>\n<meta property=\"og:url\" content=\"https:\/\/quartier-rouge-be.com\/nl\/escorte\/belgiebomba\/\" \/>\n<meta property=\"og:site_name\" content=\"Quartier-Rouge\" \/>\n<meta property=\"article:modified_time\" content=\"2025-06-18T12:35:40+00:00\" \/>\n<meta property=\"og:image\" content=\"https:\/\/quartier-rouge-be.com\/wp-content\/uploads\/2023\/10\/345729_1.jpg\" \/>\n\t<meta property=\"og:image:width\" content=\"1\" \/>\n\t<meta property=\"og:image:height\" content=\"1\" \/>\n\t<meta property=\"og:image:type\" content=\"image\/jpeg\" \/>\n<meta name=\"twitter:card\" content=\"summary_large_image\" \/>\n<script type=\"application\/ld+json\" class=\"yoast-schema-graph\">{\"@context\":\"https:\/\/schema.org\",\"@graph\":[{\"@type\":\"WebPage\",\"@id\":\"https:\/\/quartier-rouge-be.com\/escort\/belgiumbomba\/\",\"url\":\"https:\/\/quartier-rouge-be.com\/escort\/belgiumbomba\/\",\"name\":\"BelgiumBomba - Quartier-Rouge\",\"isPartOf\":{\"@id\":\"https:\/\/quartier-rouge-be.com\/#website\"},\"primaryImageOfPage\":{\"@id\":\"https:\/\/quartier-rouge-be.com\/escort\/belgiumbomba\/#primaryimage\"},\"image\":{\"@id\":\"https:\/\/quartier-rouge-be.com\/escort\/belgiumbomba\/#primaryimage\"},\"thumbnailUrl\":\"https:\/\/quartier-rouge-be.com\/wp-content\/uploads\/2023\/10\/345729_1.jpg\",\"datePublished\":\"2025-06-18T10:06:49+00:00\",\"dateModified\":\"2025-06-18T12:35:40+00:00\",\"description\":\"BelgiumBomba is a girl that is available in Belguim from Quartier Rouge BE for you to contact. Contact BelgiumBomba today. Quartier-Rouge\",\"breadcrumb\":{\"@id\":\"https:\/\/quartier-rouge-be.com\/escort\/belgiumbomba\/#breadcrumb\"},\"inLanguage\":\"nl-BE\",\"potentialAction\":[{\"@type\":\"ReadAction\",\"target\":[\"https:\/\/quartier-rouge-be.com\/escort\/belgiumbomba\/\"]}]},{\"@type\":\"ImageObject\",\"inLanguage\":\"nl-BE\",\"@id\":\"https:\/\/quartier-rouge-be.com\/escort\/belgiumbomba\/#primaryimage\",\"url\":\"https:\/\/quartier-rouge-be.com\/wp-content\/uploads\/2023\/10\/345729_1.jpg\",\"contentUrl\":\"https:\/\/quartier-rouge-be.com\/wp-content\/uploads\/2023\/10\/345729_1.jpg\",\"caption\":\"BelgiumBomba\"},{\"@type\":\"BreadcrumbList\",\"@id\":\"https:\/\/quartier-rouge-be.com\/escort\/belgiumbomba\/#breadcrumb\",\"itemListElement\":[{\"@type\":\"ListItem\",\"position\":1,\"name\":\"Home\",\"item\":\"https:\/\/quartier-rouge-be.com\/\"},{\"@type\":\"ListItem\",\"position\":2,\"name\":\"Quartier Rouge Escorts\",\"item\":\"https:\/\/quartier-rouge-be.com\/\"},{\"@type\":\"ListItem\",\"position\":3,\"name\":\"BelgiumBomba\"}]},{\"@type\":\"WebSite\",\"@id\":\"https:\/\/quartier-rouge-be.com\/#website\",\"url\":\"https:\/\/quartier-rouge-be.com\/\",\"name\":\"Quartier Rouge BE\",\"description\":\"\",\"publisher\":{\"@id\":\"https:\/\/quartier-rouge-be.com\/#organization\"},\"alternateName\":\"Escorts\",\"potentialAction\":[{\"@type\":\"SearchAction\",\"target\":{\"@type\":\"EntryPoint\",\"urlTemplate\":\"https:\/\/quartier-rouge-be.com\/?s={search_term_string}\"},\"query-input\":{\"@type\":\"PropertyValueSpecification\",\"valueRequired\":true,\"valueName\":\"search_term_string\"}}],\"inLanguage\":\"nl-BE\"},{\"@type\":\"Organization\",\"@id\":\"https:\/\/quartier-rouge-be.com\/#organization\",\"name\":\"Quartier Rouge BE\",\"url\":\"https:\/\/quartier-rouge-be.com\/\",\"logo\":{\"@type\":\"ImageObject\",\"inLanguage\":\"nl-BE\",\"@id\":\"https:\/\/quartier-rouge-be.com\/#\/schema\/logo\/image\/\",\"url\":\"https:\/\/quartier-rouge-be.com\/wp-content\/uploads\/2023\/10\/cropped-Quartier-rouge-be.png\",\"contentUrl\":\"https:\/\/quartier-rouge-be.com\/wp-content\/uploads\/2023\/10\/cropped-Quartier-rouge-be.png\",\"width\":235,\"height\":38,\"caption\":\"Quartier Rouge BE\"},\"image\":{\"@id\":\"https:\/\/quartier-rouge-be.com\/#\/schema\/logo\/image\/\"}}]}<\/script>\n<!-- \/ Yoast SEO Premium plugin. -->","yoast_head_json":{"title":"Belgi\u00ebBomba - Quartier-Rouge","description":"Belgi\u00ebBomba is een meisje dat beschikbaar is in Belgi\u00eb vanuit Quartier Rouge BE waarmee u contact kunt opnemen. Neem vandaag nog contact op met Belgi\u00ebBomba. Quartier-Rouge","robots":{"index":"index","follow":"follow","max-snippet":"max-snippet:-1","max-image-preview":"max-image-preview:large","max-video-preview":"max-video-preview:-1"},"canonical":"https:\/\/quartier-rouge-be.com\/nl\/escorte\/belgiebomba\/","og_locale":"nl_BE","og_type":"article","og_title":"BelgiumBomba","og_description":"BelgiumBomba is a girl that is available in Belguim from Quartier Rouge BE for you to contact. Contact BelgiumBomba today. Quartier-Rouge","og_url":"https:\/\/quartier-rouge-be.com\/nl\/escorte\/belgiebomba\/","og_site_name":"Quartier-Rouge","article_modified_time":"2025-06-18T12:35:40+00:00","og_image":[{"url":"https:\/\/quartier-rouge-be.com\/wp-content\/uploads\/2023\/10\/345729_1.jpg","width":1,"height":1,"type":"image\/jpeg"}],"twitter_card":"summary_large_image","schema":{"@context":"https:\/\/schema.org","@graph":[{"@type":"WebPage","@id":"https:\/\/quartier-rouge-be.com\/escort\/belgiumbomba\/","url":"https:\/\/quartier-rouge-be.com\/escort\/belgiumbomba\/","name":"Belgi\u00ebBomba - Quartier-Rouge","isPartOf":{"@id":"https:\/\/quartier-rouge-be.com\/#website"},"primaryImageOfPage":{"@id":"https:\/\/quartier-rouge-be.com\/escort\/belgiumbomba\/#primaryimage"},"image":{"@id":"https:\/\/quartier-rouge-be.com\/escort\/belgiumbomba\/#primaryimage"},"thumbnailUrl":"https:\/\/quartier-rouge-be.com\/wp-content\/uploads\/2023\/10\/345729_1.jpg","datePublished":"2025-06-18T10:06:49+00:00","dateModified":"2025-06-18T12:35:40+00:00","description":"Belgi\u00ebBomba is een meisje dat beschikbaar is in Belgi\u00eb vanuit Quartier Rouge BE waarmee u contact kunt opnemen. Neem vandaag nog contact op met Belgi\u00ebBomba. Quartier-Rouge","breadcrumb":{"@id":"https:\/\/quartier-rouge-be.com\/escort\/belgiumbomba\/#breadcrumb"},"inLanguage":"nl-BE","potentialAction":[{"@type":"ReadAction","target":["https:\/\/quartier-rouge-be.com\/escort\/belgiumbomba\/"]}]},{"@type":"ImageObject","inLanguage":"nl-BE","@id":"https:\/\/quartier-rouge-be.com\/escort\/belgiumbomba\/#primaryimage","url":"https:\/\/quartier-rouge-be.com\/wp-content\/uploads\/2023\/10\/345729_1.jpg","contentUrl":"https:\/\/quartier-rouge-be.com\/wp-content\/uploads\/2023\/10\/345729_1.jpg","caption":"BelgiumBomba"},{"@type":"BreadcrumbList","@id":"https:\/\/quartier-rouge-be.com\/escort\/belgiumbomba\/#breadcrumb","itemListElement":[{"@type":"ListItem","position":1,"name":"Home","item":"https:\/\/quartier-rouge-be.com\/"},{"@type":"ListItem","position":2,"name":"Quartier Rouge Escorts","item":"https:\/\/quartier-rouge-be.com\/"},{"@type":"ListItem","position":3,"name":"BelgiumBomba"}]},{"@type":"WebSite","@id":"https:\/\/quartier-rouge-be.com\/#website","url":"https:\/\/quartier-rouge-be.com\/","name":"Quartier Rouge BE","description":"","publisher":{"@id":"https:\/\/quartier-rouge-be.com\/#organization"},"alternateName":"Escorts","potentialAction":[{"@type":"SearchAction","target":{"@type":"EntryPoint","urlTemplate":"https:\/\/quartier-rouge-be.com\/?s={search_term_string}"},"query-input":{"@type":"PropertyValueSpecification","valueRequired":true,"valueName":"search_term_string"}}],"inLanguage":"nl-BE"},{"@type":"Organization","@id":"https:\/\/quartier-rouge-be.com\/#organization","name":"Quartier Rouge BE","url":"https:\/\/quartier-rouge-be.com\/","logo":{"@type":"ImageObject","inLanguage":"nl-BE","@id":"https:\/\/quartier-rouge-be.com\/#\/schema\/logo\/image\/","url":"https:\/\/quartier-rouge-be.com\/wp-content\/uploads\/2023\/10\/cropped-Quartier-rouge-be.png","contentUrl":"https:\/\/quartier-rouge-be.com\/wp-content\/uploads\/2023\/10\/cropped-Quartier-rouge-be.png","width":235,"height":38,"caption":"Quartier Rouge BE"},"image":{"@id":"https:\/\/quartier-rouge-be.com\/#\/schema\/logo\/image\/"}}]}},"_links":{"self":[{"href":"https:\/\/quartier-rouge-be.com\/nl\/wp-json\/wp\/v2\/product\/345729","targetHints":{"allow":["GET"]}}],"collection":[{"href":"https:\/\/quartier-rouge-be.com\/nl\/wp-json\/wp\/v2\/product"}],"about":[{"href":"https:\/\/quartier-rouge-be.com\/nl\/wp-json\/wp\/v2\/types\/product"}],"wp:featuredmedia":[{"embeddable":true,"href":"https:\/\/quartier-rouge-be.com\/nl\/wp-json\/wp\/v2\/media\/12392842"}],"wp:attachment":[{"href":"https:\/\/quartier-rouge-be.com\/nl\/wp-json\/wp\/v2\/media?parent=345729"}],"wp:term":[{"taxonomy":"product_brand","embeddable":true,"href":"https:\/\/quartier-rouge-be.com\/nl\/wp-json\/wp\/v2\/product_brand?post=345729"},{"taxonomy":"product_cat","embeddable":true,"href":"https:\/\/quartier-rouge-be.com\/nl\/wp-json\/wp\/v2\/product_cat?post=345729"},{"taxonomy":"product_tag","embeddable":true,"href":"https:\/\/quartier-rouge-be.com\/nl\/wp-json\/wp\/v2\/product_tag?post=345729"}],"curies":[{"name":"wp","href":"https:\/\/api.w.org\/{rel}","templated":true}]}}