{"id":348171,"date":"2025-06-18T10:06:44","date_gmt":"2025-06-18T10:06:44","guid":{"rendered":"https:\/\/quartier-rouge-be.com\/escort\/petitextra\/"},"modified":"2025-06-18T12:35:47","modified_gmt":"2025-06-18T12:35:47","slug":"petitextra","status":"publish","type":"product","link":"https:\/\/quartier-rouge-be.com\/fr\/escorte\/petitextra\/","title":{"rendered":"PetiteXtra"},"content":{"rendered":"<p>Je suis une femme mari\u00e9e, mais monsieur, avec l&#039;\u00e2ge, a perdu tout app\u00e9tit sexuel. Moi je suis encore en pleine forme mdr, et je cherche un partenaire pour de petits extras discrets\u2026 On doit \u00eatre compatibles, avoir les m\u00eames envies et une bonne entente avant d&#039;envisager qu&#039;il se passe quelque chose. Je r\u00e9ponds \u00e0 tous les hommes qui me plaisent (d\u00e9sol\u00e9e pour les autres\u2026) et une photo (au moins en priv\u00e9) est obligatoire ! Merci \u00e0 tous de m&#039;avoir lu, et, qui sais, \u00e0 bient\u00f4t ?<\/p>","protected":false},"excerpt":{"rendered":"<p>Je suis une femme mari\u00e9e, mais monsieur, avec l&#8217;age, a perdu tout app\u00e9tit sexuel. Moi je suis encore en pleine forme lol, et je cherche un partenaire pour de petits extras discrets&#8230; On doit \u00eatre compatibles, avoir les m\u00eames envies et une bonne entente avant d&#8217;envisager qu&#8217;il se passe quelque chose. Je r\u00e9ponds \u00e0 tous &hellip; <a href=\"https:\/\/quartier-rouge-be.com\/fr\/escorte\/petitextra\/\" class=\"more-link\">continuer la lecture <span class=\"screen-reader-text\">PetiteXtra<\/span><\/a><\/p>","protected":false},"featured_media":12393470,"template":"","meta":[],"product_brand":[],"product_cat":[2653],"product_tag":[2546,2545,2540,2539,2547,2544,2542,2543,2537,2538,2541],"class_list":{"0":"post-348171","1":"product","2":"type-product","3":"status-publish","4":"has-post-thumbnail","6":"product_cat-brussel-escorts","7":"product_tag-4myfans","8":"product_tag-escort-girls","9":"product_tag-hot-girls","10":"product_tag-meet-girls","11":"product_tag-only-fans","12":"product_tag-prive-ontvangst","13":"product_tag-red-lights","14":"product_tag-redlichts","15":"product_tag-redlights","16":"product_tag-sexy-girls","17":"product_tag-youppie","18":"pa_enjoys-69-pleasure-with-escort-girls","19":"pa_enjoys-being-dominated-with-escort-girls","20":"pa_enjoys-big-dick-pleasure-with-escort-girls","21":"pa_enjoys-blowjob-pleasure-with-escort-girls","22":"pa_enjoys-bondage-pleasure-with-escort-girls","23":"pa_enjoys-doggy-style-with-escort-girls","24":"pa_enjoys-kissing-pleasure-with-escort-girls","25":"pa_enjoys-long-foreplay-pleasure-with-escort-girls","26":"pa_enjoys-oral-sex-with-escort-girls","27":"pa_enjoys-rimming-pleasure-with-escort-girls","29":"first","30":"instock","31":"shipping-taxable","32":"product-type-external"},"yoast_head":"<!-- This site is optimized with the Yoast SEO Premium plugin v22.3 (Yoast SEO v27.3) - https:\/\/yoast.com\/product\/yoast-seo-premium-wordpress\/ -->\n<title>PetiteXtra - Quartier-Rouge<\/title>\n<meta name=\"description\" content=\"PetiteXtra is a girl that is available in Belguim from Quartier Rouge BE for you to contact. Contact PetiteXtra today. Quartier-Rouge\" \/>\n<meta name=\"robots\" content=\"index, follow, max-snippet:-1, max-image-preview:large, max-video-preview:-1\" \/>\n<link rel=\"canonical\" href=\"https:\/\/quartier-rouge-be.com\/fr\/escorte\/petitextra\/\" \/>\n<meta property=\"og:locale\" content=\"fr_FR\" \/>\n<meta property=\"og:type\" content=\"article\" \/>\n<meta property=\"og:title\" content=\"PetiteXtra\" \/>\n<meta property=\"og:description\" content=\"PetiteXtra is a girl that is available in Belguim from Quartier Rouge BE for you to contact. Contact PetiteXtra today. Quartier-Rouge\" \/>\n<meta property=\"og:url\" content=\"https:\/\/quartier-rouge-be.com\/fr\/escorte\/petitextra\/\" \/>\n<meta property=\"og:site_name\" content=\"Quartier-Rouge\" \/>\n<meta property=\"article:modified_time\" content=\"2025-06-18T12:35:47+00:00\" \/>\n<meta property=\"og:image\" content=\"https:\/\/quartier-rouge-be.com\/wp-content\/uploads\/2023\/10\/348171_1.jpg\" \/>\n\t<meta property=\"og:image:width\" content=\"1\" \/>\n\t<meta property=\"og:image:height\" content=\"1\" \/>\n\t<meta property=\"og:image:type\" content=\"image\/jpeg\" \/>\n<meta name=\"twitter:card\" content=\"summary_large_image\" \/>\n<script type=\"application\/ld+json\" class=\"yoast-schema-graph\">{\"@context\":\"https:\\\/\\\/schema.org\",\"@graph\":[{\"@type\":\"WebPage\",\"@id\":\"https:\\\/\\\/quartier-rouge-be.com\\\/escort\\\/petitextra\\\/\",\"url\":\"https:\\\/\\\/quartier-rouge-be.com\\\/escort\\\/petitextra\\\/\",\"name\":\"PetiteXtra - Quartier-Rouge\",\"isPartOf\":{\"@id\":\"https:\\\/\\\/quartier-rouge-be.com\\\/#website\"},\"primaryImageOfPage\":{\"@id\":\"https:\\\/\\\/quartier-rouge-be.com\\\/escort\\\/petitextra\\\/#primaryimage\"},\"image\":{\"@id\":\"https:\\\/\\\/quartier-rouge-be.com\\\/escort\\\/petitextra\\\/#primaryimage\"},\"thumbnailUrl\":\"https:\\\/\\\/quartier-rouge-be.com\\\/wp-content\\\/uploads\\\/2023\\\/10\\\/348171_1.jpg\",\"datePublished\":\"2025-06-18T10:06:44+00:00\",\"dateModified\":\"2025-06-18T12:35:47+00:00\",\"description\":\"PetiteXtra is a girl that is available in Belguim from Quartier Rouge BE for you to contact. Contact PetiteXtra today. Quartier-Rouge\",\"breadcrumb\":{\"@id\":\"https:\\\/\\\/quartier-rouge-be.com\\\/escort\\\/petitextra\\\/#breadcrumb\"},\"inLanguage\":\"fr-BE\",\"potentialAction\":[{\"@type\":\"ReadAction\",\"target\":[\"https:\\\/\\\/quartier-rouge-be.com\\\/escort\\\/petitextra\\\/\"]}]},{\"@type\":\"ImageObject\",\"inLanguage\":\"fr-BE\",\"@id\":\"https:\\\/\\\/quartier-rouge-be.com\\\/escort\\\/petitextra\\\/#primaryimage\",\"url\":\"https:\\\/\\\/quartier-rouge-be.com\\\/wp-content\\\/uploads\\\/2023\\\/10\\\/348171_1.jpg\",\"contentUrl\":\"https:\\\/\\\/quartier-rouge-be.com\\\/wp-content\\\/uploads\\\/2023\\\/10\\\/348171_1.jpg\",\"caption\":\"PetiteXtra\"},{\"@type\":\"BreadcrumbList\",\"@id\":\"https:\\\/\\\/quartier-rouge-be.com\\\/escort\\\/petitextra\\\/#breadcrumb\",\"itemListElement\":[{\"@type\":\"ListItem\",\"position\":1,\"name\":\"Home\",\"item\":\"https:\\\/\\\/quartier-rouge-be.com\\\/\"},{\"@type\":\"ListItem\",\"position\":2,\"name\":\"Quartier Rouge Escorts\",\"item\":\"https:\\\/\\\/quartier-rouge-be.com\\\/\"},{\"@type\":\"ListItem\",\"position\":3,\"name\":\"PetiteXtra\"}]},{\"@type\":\"WebSite\",\"@id\":\"https:\\\/\\\/quartier-rouge-be.com\\\/#website\",\"url\":\"https:\\\/\\\/quartier-rouge-be.com\\\/\",\"name\":\"Quartier Rouge BE\",\"description\":\"\",\"publisher\":{\"@id\":\"https:\\\/\\\/quartier-rouge-be.com\\\/#organization\"},\"alternateName\":\"Escorts\",\"potentialAction\":[{\"@type\":\"SearchAction\",\"target\":{\"@type\":\"EntryPoint\",\"urlTemplate\":\"https:\\\/\\\/quartier-rouge-be.com\\\/?s={search_term_string}\"},\"query-input\":{\"@type\":\"PropertyValueSpecification\",\"valueRequired\":true,\"valueName\":\"search_term_string\"}}],\"inLanguage\":\"fr-BE\"},{\"@type\":\"Organization\",\"@id\":\"https:\\\/\\\/quartier-rouge-be.com\\\/#organization\",\"name\":\"Quartier Rouge BE\",\"url\":\"https:\\\/\\\/quartier-rouge-be.com\\\/\",\"logo\":{\"@type\":\"ImageObject\",\"inLanguage\":\"fr-BE\",\"@id\":\"https:\\\/\\\/quartier-rouge-be.com\\\/#\\\/schema\\\/logo\\\/image\\\/\",\"url\":\"https:\\\/\\\/quartier-rouge-be.com\\\/wp-content\\\/uploads\\\/2023\\\/10\\\/cropped-Quartier-rouge-be.png\",\"contentUrl\":\"https:\\\/\\\/quartier-rouge-be.com\\\/wp-content\\\/uploads\\\/2023\\\/10\\\/cropped-Quartier-rouge-be.png\",\"width\":235,\"height\":38,\"caption\":\"Quartier Rouge BE\"},\"image\":{\"@id\":\"https:\\\/\\\/quartier-rouge-be.com\\\/#\\\/schema\\\/logo\\\/image\\\/\"}}]}<\/script>\n<!-- \/ Yoast SEO Premium plugin. -->","yoast_head_json":{"title":"PetiteXtra - Quartier-Rouge","description":"PetiteXtra est une fille disponible en Belgique de Quartier Rouge BE que vous pouvez contacter. Contactez PetiteXtra d\u00e8s aujourd\u2019hui. Quartier Rouge","robots":{"index":"index","follow":"follow","max-snippet":"max-snippet:-1","max-image-preview":"max-image-preview:large","max-video-preview":"max-video-preview:-1"},"canonical":"https:\/\/quartier-rouge-be.com\/fr\/escorte\/petitextra\/","og_locale":"fr_FR","og_type":"article","og_title":"PetiteXtra","og_description":"PetiteXtra is a girl that is available in Belguim from Quartier Rouge BE for you to contact. Contact PetiteXtra today. Quartier-Rouge","og_url":"https:\/\/quartier-rouge-be.com\/fr\/escorte\/petitextra\/","og_site_name":"Quartier-Rouge","article_modified_time":"2025-06-18T12:35:47+00:00","og_image":[{"url":"https:\/\/quartier-rouge-be.com\/wp-content\/uploads\/2023\/10\/348171_1.jpg","width":1,"height":1,"type":"image\/jpeg"}],"twitter_card":"summary_large_image","schema":{"@context":"https:\/\/schema.org","@graph":[{"@type":"WebPage","@id":"https:\/\/quartier-rouge-be.com\/escort\/petitextra\/","url":"https:\/\/quartier-rouge-be.com\/escort\/petitextra\/","name":"PetiteXtra - Quartier-Rouge","isPartOf":{"@id":"https:\/\/quartier-rouge-be.com\/#website"},"primaryImageOfPage":{"@id":"https:\/\/quartier-rouge-be.com\/escort\/petitextra\/#primaryimage"},"image":{"@id":"https:\/\/quartier-rouge-be.com\/escort\/petitextra\/#primaryimage"},"thumbnailUrl":"https:\/\/quartier-rouge-be.com\/wp-content\/uploads\/2023\/10\/348171_1.jpg","datePublished":"2025-06-18T10:06:44+00:00","dateModified":"2025-06-18T12:35:47+00:00","description":"PetiteXtra est une fille disponible en Belgique de Quartier Rouge BE que vous pouvez contacter. Contactez PetiteXtra d\u00e8s aujourd\u2019hui. Quartier Rouge","breadcrumb":{"@id":"https:\/\/quartier-rouge-be.com\/escort\/petitextra\/#breadcrumb"},"inLanguage":"fr-BE","potentialAction":[{"@type":"ReadAction","target":["https:\/\/quartier-rouge-be.com\/escort\/petitextra\/"]}]},{"@type":"ImageObject","inLanguage":"fr-BE","@id":"https:\/\/quartier-rouge-be.com\/escort\/petitextra\/#primaryimage","url":"https:\/\/quartier-rouge-be.com\/wp-content\/uploads\/2023\/10\/348171_1.jpg","contentUrl":"https:\/\/quartier-rouge-be.com\/wp-content\/uploads\/2023\/10\/348171_1.jpg","caption":"PetiteXtra"},{"@type":"BreadcrumbList","@id":"https:\/\/quartier-rouge-be.com\/escort\/petitextra\/#breadcrumb","itemListElement":[{"@type":"ListItem","position":1,"name":"Home","item":"https:\/\/quartier-rouge-be.com\/"},{"@type":"ListItem","position":2,"name":"Quartier Rouge Escorts","item":"https:\/\/quartier-rouge-be.com\/"},{"@type":"ListItem","position":3,"name":"PetiteXtra"}]},{"@type":"WebSite","@id":"https:\/\/quartier-rouge-be.com\/#website","url":"https:\/\/quartier-rouge-be.com\/","name":"Quartier Rouge BE","description":"","publisher":{"@id":"https:\/\/quartier-rouge-be.com\/#organization"},"alternateName":"Escorts","potentialAction":[{"@type":"SearchAction","target":{"@type":"EntryPoint","urlTemplate":"https:\/\/quartier-rouge-be.com\/?s={search_term_string}"},"query-input":{"@type":"PropertyValueSpecification","valueRequired":true,"valueName":"search_term_string"}}],"inLanguage":"fr-BE"},{"@type":"Organization","@id":"https:\/\/quartier-rouge-be.com\/#organization","name":"Quartier Rouge BE","url":"https:\/\/quartier-rouge-be.com\/","logo":{"@type":"ImageObject","inLanguage":"fr-BE","@id":"https:\/\/quartier-rouge-be.com\/#\/schema\/logo\/image\/","url":"https:\/\/quartier-rouge-be.com\/wp-content\/uploads\/2023\/10\/cropped-Quartier-rouge-be.png","contentUrl":"https:\/\/quartier-rouge-be.com\/wp-content\/uploads\/2023\/10\/cropped-Quartier-rouge-be.png","width":235,"height":38,"caption":"Quartier Rouge BE"},"image":{"@id":"https:\/\/quartier-rouge-be.com\/#\/schema\/logo\/image\/"}}]}},"_links":{"self":[{"href":"https:\/\/quartier-rouge-be.com\/fr\/wp-json\/wp\/v2\/product\/348171","targetHints":{"allow":["GET"]}}],"collection":[{"href":"https:\/\/quartier-rouge-be.com\/fr\/wp-json\/wp\/v2\/product"}],"about":[{"href":"https:\/\/quartier-rouge-be.com\/fr\/wp-json\/wp\/v2\/types\/product"}],"wp:featuredmedia":[{"embeddable":true,"href":"https:\/\/quartier-rouge-be.com\/fr\/wp-json\/wp\/v2\/media\/12393470"}],"wp:attachment":[{"href":"https:\/\/quartier-rouge-be.com\/fr\/wp-json\/wp\/v2\/media?parent=348171"}],"wp:term":[{"taxonomy":"product_brand","embeddable":true,"href":"https:\/\/quartier-rouge-be.com\/fr\/wp-json\/wp\/v2\/product_brand?post=348171"},{"taxonomy":"product_cat","embeddable":true,"href":"https:\/\/quartier-rouge-be.com\/fr\/wp-json\/wp\/v2\/product_cat?post=348171"},{"taxonomy":"product_tag","embeddable":true,"href":"https:\/\/quartier-rouge-be.com\/fr\/wp-json\/wp\/v2\/product_tag?post=348171"}],"curies":[{"name":"wp","href":"https:\/\/api.w.org\/{rel}","templated":true}]}}