{"id":347651,"date":"2025-06-18T10:06:42","date_gmt":"2025-06-18T10:06:42","guid":{"rendered":"https:\/\/quartier-rouge-be.com\/escort\/silviekissmex\/"},"modified":"2025-06-18T12:35:50","modified_gmt":"2025-06-18T12:35:50","slug":"silviekissmex","status":"publish","type":"product","link":"https:\/\/quartier-rouge-be.com\/fr\/escorte\/silviekissmex\/","title":{"rendered":"SilvieKissMeX"},"content":{"rendered":"<p>H\u00e9 h\u00e9 ! Je suis ben Silvie ! Op zoek naar een leuke et aantrekkelijke man om een spannende avond mee te beleven! Ce que je pense de moi-m\u00eame, je peux le dire, c&#039;est que je touche \u00e0 un jeu que j&#039;ai ing\u00e9r\u00e9 chez mes hommes qui te font vivre de nombreuses mani\u00e8res intimes\u00a0! Hopelijk m&#039;a convaincu ici et je viens de dire que nous lekker intens van elkaar kunnen gaan genieten.<\/p>","protected":false},"excerpt":{"rendered":"<p>Hey hey! Ik ben Silvie! Op zoek naar een leuke en aantrekkelijke man om een spannende avond mee te beleven! Wat ik over me zelf kan vertellen is dat ik toch wel een beetje speels ben ingesteld en hou van mannen die mij weten te verwennen op vele intieme manieren! Hopelijk vind ik hier iemand &hellip; <a href=\"https:\/\/quartier-rouge-be.com\/fr\/escorte\/silviekissmex\/\" class=\"more-link\">continuer la lecture <span class=\"screen-reader-text\">SilvieKissMeX<\/span><\/a><\/p>","protected":false},"featured_media":12375580,"template":"","meta":[],"product_brand":[],"product_cat":[2653],"product_tag":[2546,2545,2540,2539,2547,2544,2542,2543,2537,2538,2541],"class_list":{"0":"post-347651","1":"product","2":"type-product","3":"status-publish","4":"has-post-thumbnail","6":"product_cat-brussel-escorts","7":"product_tag-4myfans","8":"product_tag-escort-girls","9":"product_tag-hot-girls","10":"product_tag-meet-girls","11":"product_tag-only-fans","12":"product_tag-prive-ontvangst","13":"product_tag-red-lights","14":"product_tag-redlichts","15":"product_tag-redlights","16":"product_tag-sexy-girls","17":"product_tag-youppie","18":"pa_enjoys-69-pleasure-with-escort-girls","19":"pa_enjoys-anal-fantasies-with-escort-girls","20":"pa_enjoys-big-dick-pleasure-with-escort-girls","21":"pa_enjoys-bisexual-fantasies-with-escort-girls","22":"pa_enjoys-blindfolding-pleasure-with-escort-girls","23":"pa_enjoys-blowjob-pleasure-with-escort-girls","24":"pa_enjoys-cowgirl-position-with-escort-girls","25":"pa_enjoys-deepthroat-with-escort-girls","26":"pa_enjoys-doggy-style-with-escort-girls","27":"pa_enjoys-facials-pleasure-with-escort-girls","28":"pa_enjoys-handcuffs-fantasies-with-escort-girls","29":"pa_enjoys-long-foreplay-pleasure-with-escort-girls","30":"pa_enjoys-missionary-with-escort-girls","31":"pa_enjoys-muscles-fantasies-with-escort-girls","32":"pa_enjoys-role-play-with-escort-girls","33":"pa_enjoys-sex-toys-with-escort-girls","34":"pa_enjoys-shaved-escort-girls","35":"pa_enjoys-squirting-pleasure-with-escort-girls","36":"pa_enjoys-teasing-pleasure-with-escort-girls","37":"pa_enjoys-threesome-fantasies-with-escort-girls","39":"first","40":"instock","41":"shipping-taxable","42":"product-type-external"},"yoast_head":"<!-- This site is optimized with the Yoast SEO Premium plugin v22.3 (Yoast SEO v27.3) - https:\/\/yoast.com\/product\/yoast-seo-premium-wordpress\/ -->\n<title>SilvieKissMeX - Quartier-Rouge<\/title>\n<meta name=\"description\" content=\"SilvieKissMeX is a girl that is available in Belguim from Quartier Rouge BE for you to contact. Contact SilvieKissMeX today. Quartier-Rouge\" \/>\n<meta name=\"robots\" content=\"index, follow, max-snippet:-1, max-image-preview:large, max-video-preview:-1\" \/>\n<link rel=\"canonical\" href=\"https:\/\/quartier-rouge-be.com\/fr\/escorte\/silviekissmex\/\" \/>\n<meta property=\"og:locale\" content=\"fr_FR\" \/>\n<meta property=\"og:type\" content=\"article\" \/>\n<meta property=\"og:title\" content=\"SilvieKissMeX\" \/>\n<meta property=\"og:description\" content=\"SilvieKissMeX is a girl that is available in Belguim from Quartier Rouge BE for you to contact. Contact SilvieKissMeX today. Quartier-Rouge\" \/>\n<meta property=\"og:url\" content=\"https:\/\/quartier-rouge-be.com\/fr\/escorte\/silviekissmex\/\" \/>\n<meta property=\"og:site_name\" content=\"Quartier-Rouge\" \/>\n<meta property=\"article:modified_time\" content=\"2025-06-18T12:35:50+00:00\" \/>\n<meta property=\"og:image\" content=\"https:\/\/quartier-rouge-be.com\/wp-content\/uploads\/2023\/10\/347651_1.jpg\" \/>\n\t<meta property=\"og:image:width\" content=\"1\" \/>\n\t<meta property=\"og:image:height\" content=\"1\" \/>\n\t<meta property=\"og:image:type\" content=\"image\/jpeg\" \/>\n<meta name=\"twitter:card\" content=\"summary_large_image\" \/>\n<script type=\"application\/ld+json\" class=\"yoast-schema-graph\">{\"@context\":\"https:\\\/\\\/schema.org\",\"@graph\":[{\"@type\":\"WebPage\",\"@id\":\"https:\\\/\\\/quartier-rouge-be.com\\\/escort\\\/silviekissmex\\\/\",\"url\":\"https:\\\/\\\/quartier-rouge-be.com\\\/escort\\\/silviekissmex\\\/\",\"name\":\"SilvieKissMeX - Quartier-Rouge\",\"isPartOf\":{\"@id\":\"https:\\\/\\\/quartier-rouge-be.com\\\/#website\"},\"primaryImageOfPage\":{\"@id\":\"https:\\\/\\\/quartier-rouge-be.com\\\/escort\\\/silviekissmex\\\/#primaryimage\"},\"image\":{\"@id\":\"https:\\\/\\\/quartier-rouge-be.com\\\/escort\\\/silviekissmex\\\/#primaryimage\"},\"thumbnailUrl\":\"https:\\\/\\\/quartier-rouge-be.com\\\/wp-content\\\/uploads\\\/2023\\\/10\\\/347651_1.jpg\",\"datePublished\":\"2025-06-18T10:06:42+00:00\",\"dateModified\":\"2025-06-18T12:35:50+00:00\",\"description\":\"SilvieKissMeX is a girl that is available in Belguim from Quartier Rouge BE for you to contact. Contact SilvieKissMeX today. Quartier-Rouge\",\"breadcrumb\":{\"@id\":\"https:\\\/\\\/quartier-rouge-be.com\\\/escort\\\/silviekissmex\\\/#breadcrumb\"},\"inLanguage\":\"fr-BE\",\"potentialAction\":[{\"@type\":\"ReadAction\",\"target\":[\"https:\\\/\\\/quartier-rouge-be.com\\\/escort\\\/silviekissmex\\\/\"]}]},{\"@type\":\"ImageObject\",\"inLanguage\":\"fr-BE\",\"@id\":\"https:\\\/\\\/quartier-rouge-be.com\\\/escort\\\/silviekissmex\\\/#primaryimage\",\"url\":\"https:\\\/\\\/quartier-rouge-be.com\\\/wp-content\\\/uploads\\\/2023\\\/10\\\/347651_1.jpg\",\"contentUrl\":\"https:\\\/\\\/quartier-rouge-be.com\\\/wp-content\\\/uploads\\\/2023\\\/10\\\/347651_1.jpg\",\"caption\":\"SilvieKissMeX\"},{\"@type\":\"BreadcrumbList\",\"@id\":\"https:\\\/\\\/quartier-rouge-be.com\\\/escort\\\/silviekissmex\\\/#breadcrumb\",\"itemListElement\":[{\"@type\":\"ListItem\",\"position\":1,\"name\":\"Home\",\"item\":\"https:\\\/\\\/quartier-rouge-be.com\\\/\"},{\"@type\":\"ListItem\",\"position\":2,\"name\":\"Quartier Rouge Escorts\",\"item\":\"https:\\\/\\\/quartier-rouge-be.com\\\/\"},{\"@type\":\"ListItem\",\"position\":3,\"name\":\"SilvieKissMeX\"}]},{\"@type\":\"WebSite\",\"@id\":\"https:\\\/\\\/quartier-rouge-be.com\\\/#website\",\"url\":\"https:\\\/\\\/quartier-rouge-be.com\\\/\",\"name\":\"Quartier Rouge BE\",\"description\":\"\",\"publisher\":{\"@id\":\"https:\\\/\\\/quartier-rouge-be.com\\\/#organization\"},\"alternateName\":\"Escorts\",\"potentialAction\":[{\"@type\":\"SearchAction\",\"target\":{\"@type\":\"EntryPoint\",\"urlTemplate\":\"https:\\\/\\\/quartier-rouge-be.com\\\/?s={search_term_string}\"},\"query-input\":{\"@type\":\"PropertyValueSpecification\",\"valueRequired\":true,\"valueName\":\"search_term_string\"}}],\"inLanguage\":\"fr-BE\"},{\"@type\":\"Organization\",\"@id\":\"https:\\\/\\\/quartier-rouge-be.com\\\/#organization\",\"name\":\"Quartier Rouge BE\",\"url\":\"https:\\\/\\\/quartier-rouge-be.com\\\/\",\"logo\":{\"@type\":\"ImageObject\",\"inLanguage\":\"fr-BE\",\"@id\":\"https:\\\/\\\/quartier-rouge-be.com\\\/#\\\/schema\\\/logo\\\/image\\\/\",\"url\":\"https:\\\/\\\/quartier-rouge-be.com\\\/wp-content\\\/uploads\\\/2023\\\/10\\\/cropped-Quartier-rouge-be.png\",\"contentUrl\":\"https:\\\/\\\/quartier-rouge-be.com\\\/wp-content\\\/uploads\\\/2023\\\/10\\\/cropped-Quartier-rouge-be.png\",\"width\":235,\"height\":38,\"caption\":\"Quartier Rouge BE\"},\"image\":{\"@id\":\"https:\\\/\\\/quartier-rouge-be.com\\\/#\\\/schema\\\/logo\\\/image\\\/\"}}]}<\/script>\n<!-- \/ Yoast SEO Premium plugin. -->","yoast_head_json":{"title":"SilvieKissMeX - Quartier-Rouge","description":"SilvieKissMeX est une fille disponible en Belgique de Quartier Rouge BE que vous pouvez contacter. Contactez SilvieKissMeX aujourd&#039;hui. Quartier Rouge","robots":{"index":"index","follow":"follow","max-snippet":"max-snippet:-1","max-image-preview":"max-image-preview:large","max-video-preview":"max-video-preview:-1"},"canonical":"https:\/\/quartier-rouge-be.com\/fr\/escorte\/silviekissmex\/","og_locale":"fr_FR","og_type":"article","og_title":"SilvieKissMeX","og_description":"SilvieKissMeX is a girl that is available in Belguim from Quartier Rouge BE for you to contact. Contact SilvieKissMeX today. Quartier-Rouge","og_url":"https:\/\/quartier-rouge-be.com\/fr\/escorte\/silviekissmex\/","og_site_name":"Quartier-Rouge","article_modified_time":"2025-06-18T12:35:50+00:00","og_image":[{"url":"https:\/\/quartier-rouge-be.com\/wp-content\/uploads\/2023\/10\/347651_1.jpg","width":1,"height":1,"type":"image\/jpeg"}],"twitter_card":"summary_large_image","schema":{"@context":"https:\/\/schema.org","@graph":[{"@type":"WebPage","@id":"https:\/\/quartier-rouge-be.com\/escort\/silviekissmex\/","url":"https:\/\/quartier-rouge-be.com\/escort\/silviekissmex\/","name":"SilvieKissMeX - Quartier-Rouge","isPartOf":{"@id":"https:\/\/quartier-rouge-be.com\/#website"},"primaryImageOfPage":{"@id":"https:\/\/quartier-rouge-be.com\/escort\/silviekissmex\/#primaryimage"},"image":{"@id":"https:\/\/quartier-rouge-be.com\/escort\/silviekissmex\/#primaryimage"},"thumbnailUrl":"https:\/\/quartier-rouge-be.com\/wp-content\/uploads\/2023\/10\/347651_1.jpg","datePublished":"2025-06-18T10:06:42+00:00","dateModified":"2025-06-18T12:35:50+00:00","description":"SilvieKissMeX est une fille disponible en Belgique de Quartier Rouge BE que vous pouvez contacter. Contactez SilvieKissMeX aujourd&#039;hui. Quartier Rouge","breadcrumb":{"@id":"https:\/\/quartier-rouge-be.com\/escort\/silviekissmex\/#breadcrumb"},"inLanguage":"fr-BE","potentialAction":[{"@type":"ReadAction","target":["https:\/\/quartier-rouge-be.com\/escort\/silviekissmex\/"]}]},{"@type":"ImageObject","inLanguage":"fr-BE","@id":"https:\/\/quartier-rouge-be.com\/escort\/silviekissmex\/#primaryimage","url":"https:\/\/quartier-rouge-be.com\/wp-content\/uploads\/2023\/10\/347651_1.jpg","contentUrl":"https:\/\/quartier-rouge-be.com\/wp-content\/uploads\/2023\/10\/347651_1.jpg","caption":"SilvieKissMeX"},{"@type":"BreadcrumbList","@id":"https:\/\/quartier-rouge-be.com\/escort\/silviekissmex\/#breadcrumb","itemListElement":[{"@type":"ListItem","position":1,"name":"Home","item":"https:\/\/quartier-rouge-be.com\/"},{"@type":"ListItem","position":2,"name":"Quartier Rouge Escorts","item":"https:\/\/quartier-rouge-be.com\/"},{"@type":"ListItem","position":3,"name":"SilvieKissMeX"}]},{"@type":"WebSite","@id":"https:\/\/quartier-rouge-be.com\/#website","url":"https:\/\/quartier-rouge-be.com\/","name":"Quartier Rouge BE","description":"","publisher":{"@id":"https:\/\/quartier-rouge-be.com\/#organization"},"alternateName":"Escorts","potentialAction":[{"@type":"SearchAction","target":{"@type":"EntryPoint","urlTemplate":"https:\/\/quartier-rouge-be.com\/?s={search_term_string}"},"query-input":{"@type":"PropertyValueSpecification","valueRequired":true,"valueName":"search_term_string"}}],"inLanguage":"fr-BE"},{"@type":"Organization","@id":"https:\/\/quartier-rouge-be.com\/#organization","name":"Quartier Rouge BE","url":"https:\/\/quartier-rouge-be.com\/","logo":{"@type":"ImageObject","inLanguage":"fr-BE","@id":"https:\/\/quartier-rouge-be.com\/#\/schema\/logo\/image\/","url":"https:\/\/quartier-rouge-be.com\/wp-content\/uploads\/2023\/10\/cropped-Quartier-rouge-be.png","contentUrl":"https:\/\/quartier-rouge-be.com\/wp-content\/uploads\/2023\/10\/cropped-Quartier-rouge-be.png","width":235,"height":38,"caption":"Quartier Rouge BE"},"image":{"@id":"https:\/\/quartier-rouge-be.com\/#\/schema\/logo\/image\/"}}]}},"_links":{"self":[{"href":"https:\/\/quartier-rouge-be.com\/fr\/wp-json\/wp\/v2\/product\/347651","targetHints":{"allow":["GET"]}}],"collection":[{"href":"https:\/\/quartier-rouge-be.com\/fr\/wp-json\/wp\/v2\/product"}],"about":[{"href":"https:\/\/quartier-rouge-be.com\/fr\/wp-json\/wp\/v2\/types\/product"}],"wp:featuredmedia":[{"embeddable":true,"href":"https:\/\/quartier-rouge-be.com\/fr\/wp-json\/wp\/v2\/media\/12375580"}],"wp:attachment":[{"href":"https:\/\/quartier-rouge-be.com\/fr\/wp-json\/wp\/v2\/media?parent=347651"}],"wp:term":[{"taxonomy":"product_brand","embeddable":true,"href":"https:\/\/quartier-rouge-be.com\/fr\/wp-json\/wp\/v2\/product_brand?post=347651"},{"taxonomy":"product_cat","embeddable":true,"href":"https:\/\/quartier-rouge-be.com\/fr\/wp-json\/wp\/v2\/product_cat?post=347651"},{"taxonomy":"product_tag","embeddable":true,"href":"https:\/\/quartier-rouge-be.com\/fr\/wp-json\/wp\/v2\/product_tag?post=347651"}],"curies":[{"name":"wp","href":"https:\/\/api.w.org\/{rel}","templated":true}]}}