{"id":345780,"date":"2024-07-28T07:01:36","date_gmt":"2024-07-28T07:01:36","guid":{"rendered":"https:\/\/quartier-rouge-be.com\/?post_type=product&#038;p=345780"},"modified":"2025-06-18T12:36:08","modified_gmt":"2025-06-18T12:36:08","slug":"bellepascale","status":"publish","type":"product","link":"https:\/\/quartier-rouge-be.com\/fr\/escorte\/bellepascale\/","title":{"rendered":"BellePascale"},"content":{"rendered":"<p>Bonjoue, je suis Pascale, maman c\u00e9libataire \u00e9l\u00e9vant seule ma petite fille, h\u00e9 oui des fois il vaut mieux etre seule que mal accompagn\u00e9e malheureusement&#8230;.bref, je cherche un homme drole, naturel et sinc\u00e8re a faire entrer dans ma vie&#8230;..<\/p>","protected":false},"excerpt":{"rendered":"<p>Bonjoue, je suis Pascale, maman c\u00e9libataire \u00e9l\u00e9vant seule ma petite fille, h\u00e9 oui des fois il vaut mieux etre seule que mal accompagn\u00e9e malheureusement&#8230;.bref, je cherche un homme drole, naturel et sinc\u00e8re a faire entrer dans ma vie&#8230;..<\/p>","protected":false},"featured_media":12397875,"template":"","meta":[],"product_brand":[],"product_cat":[2653],"product_tag":[2546,2545,2540,2539,2547,2544,2542,2543,2537,2538,2541],"class_list":{"0":"post-345780","1":"product","2":"type-product","3":"status-publish","4":"has-post-thumbnail","6":"product_cat-brussel-escorts","7":"product_tag-4myfans","8":"product_tag-escort-girls","9":"product_tag-hot-girls","10":"product_tag-meet-girls","11":"product_tag-only-fans","12":"product_tag-prive-ontvangst","13":"product_tag-red-lights","14":"product_tag-redlichts","15":"product_tag-redlights","16":"product_tag-sexy-girls","17":"product_tag-youppie","18":"pa_enjoys-69-pleasure-with-escort-girls","19":"pa_enjoys-being-dominated-with-escort-girls","20":"pa_enjoys-blindfolding-pleasure-with-escort-girls","21":"pa_enjoys-blowjob-pleasure-with-escort-girls","22":"pa_enjoys-cybersex-pleasure-with-escort-girls","23":"pa_enjoys-doggy-style-with-escort-girls","24":"pa_enjoys-facials-pleasure-with-escort-girls","25":"pa_enjoys-kissing-pleasure-with-escort-girls","27":"first","28":"instock","29":"shipping-taxable","30":"product-type-external"},"yoast_head":"<!-- This site is optimized with the Yoast SEO Premium plugin v22.3 (Yoast SEO v27.0) - https:\/\/yoast.com\/product\/yoast-seo-premium-wordpress\/ -->\n<title>BellePascale - Quartier-Rouge<\/title>\n<meta name=\"description\" content=\"BellePascale is a girl that is available in Belguim from Quartier Rouge BE for you to contact. Contact BellePascale today. Quartier-Rouge\" \/>\n<meta name=\"robots\" content=\"index, follow, max-snippet:-1, max-image-preview:large, max-video-preview:-1\" \/>\n<link rel=\"canonical\" href=\"https:\/\/quartier-rouge-be.com\/fr\/escorte\/bellepascale\/\" \/>\n<meta property=\"og:locale\" content=\"fr_FR\" \/>\n<meta property=\"og:type\" content=\"article\" \/>\n<meta property=\"og:title\" content=\"BellePascale\" \/>\n<meta property=\"og:description\" content=\"BellePascale is a girl that is available in Belguim from Quartier Rouge BE for you to contact. Contact BellePascale today. Quartier-Rouge\" \/>\n<meta property=\"og:url\" content=\"https:\/\/quartier-rouge-be.com\/fr\/escorte\/bellepascale\/\" \/>\n<meta property=\"og:site_name\" content=\"Quartier-Rouge\" \/>\n<meta property=\"article:modified_time\" content=\"2025-06-18T12:36:08+00:00\" \/>\n<meta property=\"og:image\" content=\"https:\/\/quartier-rouge-be.com\/wp-content\/uploads\/2023\/10\/345780_1.jpg\" \/>\n\t<meta property=\"og:image:width\" content=\"1\" \/>\n\t<meta property=\"og:image:height\" content=\"1\" \/>\n\t<meta property=\"og:image:type\" content=\"image\/jpeg\" \/>\n<meta name=\"twitter:card\" content=\"summary_large_image\" \/>\n<script type=\"application\/ld+json\" class=\"yoast-schema-graph\">{\"@context\":\"https:\/\/schema.org\",\"@graph\":[{\"@type\":\"WebPage\",\"@id\":\"https:\/\/quartier-rouge-be.com\/escort\/bellepascale\/\",\"url\":\"https:\/\/quartier-rouge-be.com\/escort\/bellepascale\/\",\"name\":\"BellePascale - Quartier-Rouge\",\"isPartOf\":{\"@id\":\"https:\/\/quartier-rouge-be.com\/#website\"},\"primaryImageOfPage\":{\"@id\":\"https:\/\/quartier-rouge-be.com\/escort\/bellepascale\/#primaryimage\"},\"image\":{\"@id\":\"https:\/\/quartier-rouge-be.com\/escort\/bellepascale\/#primaryimage\"},\"thumbnailUrl\":\"https:\/\/quartier-rouge-be.com\/wp-content\/uploads\/2023\/10\/345780_1.jpg\",\"datePublished\":\"2024-07-28T07:01:36+00:00\",\"dateModified\":\"2025-06-18T12:36:08+00:00\",\"description\":\"BellePascale is a girl that is available in Belguim from Quartier Rouge BE for you to contact. Contact BellePascale today. Quartier-Rouge\",\"breadcrumb\":{\"@id\":\"https:\/\/quartier-rouge-be.com\/escort\/bellepascale\/#breadcrumb\"},\"inLanguage\":\"fr-BE\",\"potentialAction\":[{\"@type\":\"ReadAction\",\"target\":[\"https:\/\/quartier-rouge-be.com\/escort\/bellepascale\/\"]}]},{\"@type\":\"ImageObject\",\"inLanguage\":\"fr-BE\",\"@id\":\"https:\/\/quartier-rouge-be.com\/escort\/bellepascale\/#primaryimage\",\"url\":\"https:\/\/quartier-rouge-be.com\/wp-content\/uploads\/2023\/10\/345780_1.jpg\",\"contentUrl\":\"https:\/\/quartier-rouge-be.com\/wp-content\/uploads\/2023\/10\/345780_1.jpg\",\"caption\":\"BellePascale\"},{\"@type\":\"BreadcrumbList\",\"@id\":\"https:\/\/quartier-rouge-be.com\/escort\/bellepascale\/#breadcrumb\",\"itemListElement\":[{\"@type\":\"ListItem\",\"position\":1,\"name\":\"Home\",\"item\":\"https:\/\/quartier-rouge-be.com\/\"},{\"@type\":\"ListItem\",\"position\":2,\"name\":\"Quartier Rouge Escorts\",\"item\":\"https:\/\/quartier-rouge-be.com\/\"},{\"@type\":\"ListItem\",\"position\":3,\"name\":\"BellePascale\"}]},{\"@type\":\"WebSite\",\"@id\":\"https:\/\/quartier-rouge-be.com\/#website\",\"url\":\"https:\/\/quartier-rouge-be.com\/\",\"name\":\"Quartier Rouge BE\",\"description\":\"\",\"publisher\":{\"@id\":\"https:\/\/quartier-rouge-be.com\/#organization\"},\"alternateName\":\"Escorts\",\"potentialAction\":[{\"@type\":\"SearchAction\",\"target\":{\"@type\":\"EntryPoint\",\"urlTemplate\":\"https:\/\/quartier-rouge-be.com\/?s={search_term_string}\"},\"query-input\":{\"@type\":\"PropertyValueSpecification\",\"valueRequired\":true,\"valueName\":\"search_term_string\"}}],\"inLanguage\":\"fr-BE\"},{\"@type\":\"Organization\",\"@id\":\"https:\/\/quartier-rouge-be.com\/#organization\",\"name\":\"Quartier Rouge BE\",\"url\":\"https:\/\/quartier-rouge-be.com\/\",\"logo\":{\"@type\":\"ImageObject\",\"inLanguage\":\"fr-BE\",\"@id\":\"https:\/\/quartier-rouge-be.com\/#\/schema\/logo\/image\/\",\"url\":\"https:\/\/quartier-rouge-be.com\/wp-content\/uploads\/2023\/10\/cropped-Quartier-rouge-be.png\",\"contentUrl\":\"https:\/\/quartier-rouge-be.com\/wp-content\/uploads\/2023\/10\/cropped-Quartier-rouge-be.png\",\"width\":235,\"height\":38,\"caption\":\"Quartier Rouge BE\"},\"image\":{\"@id\":\"https:\/\/quartier-rouge-be.com\/#\/schema\/logo\/image\/\"}}]}<\/script>\n<!-- \/ Yoast SEO Premium plugin. -->","yoast_head_json":{"title":"BellePascale - Quartier-Rouge","description":"BellePascale is a girl that is available in Belguim from Quartier Rouge BE for you to contact. Contact BellePascale today. Quartier-Rouge","robots":{"index":"index","follow":"follow","max-snippet":"max-snippet:-1","max-image-preview":"max-image-preview:large","max-video-preview":"max-video-preview:-1"},"canonical":"https:\/\/quartier-rouge-be.com\/fr\/escorte\/bellepascale\/","og_locale":"fr_FR","og_type":"article","og_title":"BellePascale","og_description":"BellePascale is a girl that is available in Belguim from Quartier Rouge BE for you to contact. Contact BellePascale today. Quartier-Rouge","og_url":"https:\/\/quartier-rouge-be.com\/fr\/escorte\/bellepascale\/","og_site_name":"Quartier-Rouge","article_modified_time":"2025-06-18T12:36:08+00:00","og_image":[{"url":"https:\/\/quartier-rouge-be.com\/wp-content\/uploads\/2023\/10\/345780_1.jpg","width":1,"height":1,"type":"image\/jpeg"}],"twitter_card":"summary_large_image","schema":{"@context":"https:\/\/schema.org","@graph":[{"@type":"WebPage","@id":"https:\/\/quartier-rouge-be.com\/escort\/bellepascale\/","url":"https:\/\/quartier-rouge-be.com\/escort\/bellepascale\/","name":"BellePascale - Quartier-Rouge","isPartOf":{"@id":"https:\/\/quartier-rouge-be.com\/#website"},"primaryImageOfPage":{"@id":"https:\/\/quartier-rouge-be.com\/escort\/bellepascale\/#primaryimage"},"image":{"@id":"https:\/\/quartier-rouge-be.com\/escort\/bellepascale\/#primaryimage"},"thumbnailUrl":"https:\/\/quartier-rouge-be.com\/wp-content\/uploads\/2023\/10\/345780_1.jpg","datePublished":"2024-07-28T07:01:36+00:00","dateModified":"2025-06-18T12:36:08+00:00","description":"BellePascale is a girl that is available in Belguim from Quartier Rouge BE for you to contact. Contact BellePascale today. Quartier-Rouge","breadcrumb":{"@id":"https:\/\/quartier-rouge-be.com\/escort\/bellepascale\/#breadcrumb"},"inLanguage":"fr-BE","potentialAction":[{"@type":"ReadAction","target":["https:\/\/quartier-rouge-be.com\/escort\/bellepascale\/"]}]},{"@type":"ImageObject","inLanguage":"fr-BE","@id":"https:\/\/quartier-rouge-be.com\/escort\/bellepascale\/#primaryimage","url":"https:\/\/quartier-rouge-be.com\/wp-content\/uploads\/2023\/10\/345780_1.jpg","contentUrl":"https:\/\/quartier-rouge-be.com\/wp-content\/uploads\/2023\/10\/345780_1.jpg","caption":"BellePascale"},{"@type":"BreadcrumbList","@id":"https:\/\/quartier-rouge-be.com\/escort\/bellepascale\/#breadcrumb","itemListElement":[{"@type":"ListItem","position":1,"name":"Home","item":"https:\/\/quartier-rouge-be.com\/"},{"@type":"ListItem","position":2,"name":"Quartier Rouge Escorts","item":"https:\/\/quartier-rouge-be.com\/"},{"@type":"ListItem","position":3,"name":"BellePascale"}]},{"@type":"WebSite","@id":"https:\/\/quartier-rouge-be.com\/#website","url":"https:\/\/quartier-rouge-be.com\/","name":"Quartier Rouge BE","description":"","publisher":{"@id":"https:\/\/quartier-rouge-be.com\/#organization"},"alternateName":"Escorts","potentialAction":[{"@type":"SearchAction","target":{"@type":"EntryPoint","urlTemplate":"https:\/\/quartier-rouge-be.com\/?s={search_term_string}"},"query-input":{"@type":"PropertyValueSpecification","valueRequired":true,"valueName":"search_term_string"}}],"inLanguage":"fr-BE"},{"@type":"Organization","@id":"https:\/\/quartier-rouge-be.com\/#organization","name":"Quartier Rouge BE","url":"https:\/\/quartier-rouge-be.com\/","logo":{"@type":"ImageObject","inLanguage":"fr-BE","@id":"https:\/\/quartier-rouge-be.com\/#\/schema\/logo\/image\/","url":"https:\/\/quartier-rouge-be.com\/wp-content\/uploads\/2023\/10\/cropped-Quartier-rouge-be.png","contentUrl":"https:\/\/quartier-rouge-be.com\/wp-content\/uploads\/2023\/10\/cropped-Quartier-rouge-be.png","width":235,"height":38,"caption":"Quartier Rouge BE"},"image":{"@id":"https:\/\/quartier-rouge-be.com\/#\/schema\/logo\/image\/"}}]}},"_links":{"self":[{"href":"https:\/\/quartier-rouge-be.com\/fr\/wp-json\/wp\/v2\/product\/345780","targetHints":{"allow":["GET"]}}],"collection":[{"href":"https:\/\/quartier-rouge-be.com\/fr\/wp-json\/wp\/v2\/product"}],"about":[{"href":"https:\/\/quartier-rouge-be.com\/fr\/wp-json\/wp\/v2\/types\/product"}],"wp:featuredmedia":[{"embeddable":true,"href":"https:\/\/quartier-rouge-be.com\/fr\/wp-json\/wp\/v2\/media\/12397875"}],"wp:attachment":[{"href":"https:\/\/quartier-rouge-be.com\/fr\/wp-json\/wp\/v2\/media?parent=345780"}],"wp:term":[{"taxonomy":"product_brand","embeddable":true,"href":"https:\/\/quartier-rouge-be.com\/fr\/wp-json\/wp\/v2\/product_brand?post=345780"},{"taxonomy":"product_cat","embeddable":true,"href":"https:\/\/quartier-rouge-be.com\/fr\/wp-json\/wp\/v2\/product_cat?post=345780"},{"taxonomy":"product_tag","embeddable":true,"href":"https:\/\/quartier-rouge-be.com\/fr\/wp-json\/wp\/v2\/product_tag?post=345780"}],"curies":[{"name":"wp","href":"https:\/\/api.w.org\/{rel}","templated":true}]}}