{"id":345534,"date":"2023-12-19T07:11:45","date_gmt":"2023-12-19T07:11:45","guid":{"rendered":"https:\/\/quartier-rouge-be.com\/?post_type=product&#038;p=345534"},"modified":"2025-06-18T12:36:28","modified_gmt":"2025-06-18T12:36:28","slug":"kim6999","status":"publish","type":"product","link":"https:\/\/quartier-rouge-be.com\/fr\/escorte\/kim6999\/","title":{"rendered":"Kim6999"},"content":{"rendered":"<p>Bonjour, mon nom est Kim, je suis \u00e0 moiti\u00e9 vietnamien, \u00e0 moiti\u00e9 belge. Je hou van fietsen, natural, toffe gesprekken, dansen et films kijken. Je n&#039;ai pas un talon \u00e9lev\u00e9 par une personne, mais si je me sens mieux Kent, je peux avoir un talon toffe Madame pour votre jeu. Je suis en train de faire ce que je veux pour mes amis intimes.<\/p>","protected":false},"excerpt":{"rendered":"<p>Bonjour, mon nom est Kim, je suis \u00e0 moiti\u00e9 vietnamien, \u00e0 moiti\u00e9 belge. Je hou van fietsen, natural, toffe gesprekken, dansen et films kijken. Je n&#039;ai pas un talon \u00e9lev\u00e9 par une personne, mais si je me sens mieux Kent, je peux avoir un talon toffe Madame pour votre jeu. Je suis en train de faire ce que je veux pour mes amis intimes.<\/p>","protected":false},"featured_media":12395043,"template":"","meta":[],"product_brand":[],"product_cat":[2653],"product_tag":[2546,2545,2540,2539,2547,2544,2542,2543,2537,2538,2541],"class_list":{"0":"post-345534","1":"product","2":"type-product","3":"status-publish","4":"has-post-thumbnail","6":"product_cat-brussel-escorts","7":"product_tag-4myfans","8":"product_tag-escort-girls","9":"product_tag-hot-girls","10":"product_tag-meet-girls","11":"product_tag-only-fans","12":"product_tag-prive-ontvangst","13":"product_tag-red-lights","14":"product_tag-redlichts","15":"product_tag-redlights","16":"product_tag-sexy-girls","17":"product_tag-youppie","18":"pa_enjoys-69-pleasure-with-escort-girls","19":"pa_enjoys-natural-breasts-with-escort-girls","20":"pa_enjoys-no-condom-pleasures-with-escort-girls","21":"pa_enjoys-orgy-delights-with-escort-girls","22":"pa_enjoys-panties-pleasure-with-escort-girls","23":"pa_enjoys-romantic-pleasure-with-escort-girls","24":"pa_enjoys-sex-toys-with-escort-girls","25":"pa_enjoys-spanking-pleasure-with-escort-girls","26":"pa_enjoys-sugar-daddy-for-escort-girls","27":"pa_enjoys-swallow-pleasures-with-escort-girls","28":"pa_enjoys-threesome-fantasies-with-escort-girls","30":"first","31":"instock","32":"shipping-taxable","33":"product-type-external"},"yoast_head":"<!-- This site is optimized with the Yoast SEO Premium plugin v22.3 (Yoast SEO v27.3) - https:\/\/yoast.com\/product\/yoast-seo-premium-wordpress\/ -->\n<title>Kim6999 - Quartier-Rouge<\/title>\n<meta name=\"description\" content=\"Kim6999 is a girl that is available in Belguim from Quartier Rouge BE for you to contact. Contact Kim6999 today. Quartier-Rouge\" \/>\n<meta name=\"robots\" content=\"index, follow, max-snippet:-1, max-image-preview:large, max-video-preview:-1\" \/>\n<link rel=\"canonical\" href=\"https:\/\/quartier-rouge-be.com\/fr\/escorte\/kim6999\/\" \/>\n<meta property=\"og:locale\" content=\"fr_FR\" \/>\n<meta property=\"og:type\" content=\"article\" \/>\n<meta property=\"og:title\" content=\"Kim6999\" \/>\n<meta property=\"og:description\" content=\"Kim6999 is a girl that is available in Belguim from Quartier Rouge BE for you to contact. Contact Kim6999 today. Quartier-Rouge\" \/>\n<meta property=\"og:url\" content=\"https:\/\/quartier-rouge-be.com\/fr\/escorte\/kim6999\/\" \/>\n<meta property=\"og:site_name\" content=\"Quartier-Rouge\" \/>\n<meta property=\"article:modified_time\" content=\"2025-06-18T12:36:28+00:00\" \/>\n<meta property=\"og:image\" content=\"https:\/\/quartier-rouge-be.com\/wp-content\/uploads\/2023\/10\/345534_1.jpg\" \/>\n\t<meta property=\"og:image:width\" content=\"1\" \/>\n\t<meta property=\"og:image:height\" content=\"1\" \/>\n\t<meta property=\"og:image:type\" content=\"image\/jpeg\" \/>\n<meta name=\"twitter:card\" content=\"summary_large_image\" \/>\n<script type=\"application\/ld+json\" class=\"yoast-schema-graph\">{\"@context\":\"https:\\\/\\\/schema.org\",\"@graph\":[{\"@type\":\"WebPage\",\"@id\":\"https:\\\/\\\/quartier-rouge-be.com\\\/escort\\\/kim6999\\\/\",\"url\":\"https:\\\/\\\/quartier-rouge-be.com\\\/escort\\\/kim6999\\\/\",\"name\":\"Kim6999 - Quartier-Rouge\",\"isPartOf\":{\"@id\":\"https:\\\/\\\/quartier-rouge-be.com\\\/#website\"},\"primaryImageOfPage\":{\"@id\":\"https:\\\/\\\/quartier-rouge-be.com\\\/escort\\\/kim6999\\\/#primaryimage\"},\"image\":{\"@id\":\"https:\\\/\\\/quartier-rouge-be.com\\\/escort\\\/kim6999\\\/#primaryimage\"},\"thumbnailUrl\":\"https:\\\/\\\/quartier-rouge-be.com\\\/wp-content\\\/uploads\\\/2023\\\/10\\\/345534_1.jpg\",\"datePublished\":\"2023-12-19T07:11:45+00:00\",\"dateModified\":\"2025-06-18T12:36:28+00:00\",\"description\":\"Kim6999 is a girl that is available in Belguim from Quartier Rouge BE for you to contact. Contact Kim6999 today. Quartier-Rouge\",\"breadcrumb\":{\"@id\":\"https:\\\/\\\/quartier-rouge-be.com\\\/escort\\\/kim6999\\\/#breadcrumb\"},\"inLanguage\":\"fr-BE\",\"potentialAction\":[{\"@type\":\"ReadAction\",\"target\":[\"https:\\\/\\\/quartier-rouge-be.com\\\/escort\\\/kim6999\\\/\"]}]},{\"@type\":\"ImageObject\",\"inLanguage\":\"fr-BE\",\"@id\":\"https:\\\/\\\/quartier-rouge-be.com\\\/escort\\\/kim6999\\\/#primaryimage\",\"url\":\"https:\\\/\\\/quartier-rouge-be.com\\\/wp-content\\\/uploads\\\/2023\\\/10\\\/345534_1.jpg\",\"contentUrl\":\"https:\\\/\\\/quartier-rouge-be.com\\\/wp-content\\\/uploads\\\/2023\\\/10\\\/345534_1.jpg\",\"caption\":\"Kim6999\"},{\"@type\":\"BreadcrumbList\",\"@id\":\"https:\\\/\\\/quartier-rouge-be.com\\\/escort\\\/kim6999\\\/#breadcrumb\",\"itemListElement\":[{\"@type\":\"ListItem\",\"position\":1,\"name\":\"Home\",\"item\":\"https:\\\/\\\/quartier-rouge-be.com\\\/\"},{\"@type\":\"ListItem\",\"position\":2,\"name\":\"Quartier Rouge Escorts\",\"item\":\"https:\\\/\\\/quartier-rouge-be.com\\\/\"},{\"@type\":\"ListItem\",\"position\":3,\"name\":\"Kim6999\"}]},{\"@type\":\"WebSite\",\"@id\":\"https:\\\/\\\/quartier-rouge-be.com\\\/#website\",\"url\":\"https:\\\/\\\/quartier-rouge-be.com\\\/\",\"name\":\"Quartier Rouge BE\",\"description\":\"\",\"publisher\":{\"@id\":\"https:\\\/\\\/quartier-rouge-be.com\\\/#organization\"},\"alternateName\":\"Escorts\",\"potentialAction\":[{\"@type\":\"SearchAction\",\"target\":{\"@type\":\"EntryPoint\",\"urlTemplate\":\"https:\\\/\\\/quartier-rouge-be.com\\\/?s={search_term_string}\"},\"query-input\":{\"@type\":\"PropertyValueSpecification\",\"valueRequired\":true,\"valueName\":\"search_term_string\"}}],\"inLanguage\":\"fr-BE\"},{\"@type\":\"Organization\",\"@id\":\"https:\\\/\\\/quartier-rouge-be.com\\\/#organization\",\"name\":\"Quartier Rouge BE\",\"url\":\"https:\\\/\\\/quartier-rouge-be.com\\\/\",\"logo\":{\"@type\":\"ImageObject\",\"inLanguage\":\"fr-BE\",\"@id\":\"https:\\\/\\\/quartier-rouge-be.com\\\/#\\\/schema\\\/logo\\\/image\\\/\",\"url\":\"https:\\\/\\\/quartier-rouge-be.com\\\/wp-content\\\/uploads\\\/2023\\\/10\\\/cropped-Quartier-rouge-be.png\",\"contentUrl\":\"https:\\\/\\\/quartier-rouge-be.com\\\/wp-content\\\/uploads\\\/2023\\\/10\\\/cropped-Quartier-rouge-be.png\",\"width\":235,\"height\":38,\"caption\":\"Quartier Rouge BE\"},\"image\":{\"@id\":\"https:\\\/\\\/quartier-rouge-be.com\\\/#\\\/schema\\\/logo\\\/image\\\/\"}}]}<\/script>\n<!-- \/ Yoast SEO Premium plugin. -->","yoast_head_json":{"title":"Kim6999 - Quartier Rouge","description":"Kim6999 est une fille disponible en Belgique de Quartier Rouge BE que vous pouvez contacter. Contactez Kim6999 d\u00e8s aujourd&#039;hui. Quartier Rouge","robots":{"index":"index","follow":"follow","max-snippet":"max-snippet:-1","max-image-preview":"max-image-preview:large","max-video-preview":"max-video-preview:-1"},"canonical":"https:\/\/quartier-rouge-be.com\/fr\/escorte\/kim6999\/","og_locale":"fr_FR","og_type":"article","og_title":"Kim6999","og_description":"Kim6999 is a girl that is available in Belguim from Quartier Rouge BE for you to contact. Contact Kim6999 today. Quartier-Rouge","og_url":"https:\/\/quartier-rouge-be.com\/fr\/escorte\/kim6999\/","og_site_name":"Quartier-Rouge","article_modified_time":"2025-06-18T12:36:28+00:00","og_image":[{"url":"https:\/\/quartier-rouge-be.com\/wp-content\/uploads\/2023\/10\/345534_1.jpg","width":1,"height":1,"type":"image\/jpeg"}],"twitter_card":"summary_large_image","schema":{"@context":"https:\/\/schema.org","@graph":[{"@type":"WebPage","@id":"https:\/\/quartier-rouge-be.com\/escort\/kim6999\/","url":"https:\/\/quartier-rouge-be.com\/escort\/kim6999\/","name":"Kim6999 - Quartier Rouge","isPartOf":{"@id":"https:\/\/quartier-rouge-be.com\/#website"},"primaryImageOfPage":{"@id":"https:\/\/quartier-rouge-be.com\/escort\/kim6999\/#primaryimage"},"image":{"@id":"https:\/\/quartier-rouge-be.com\/escort\/kim6999\/#primaryimage"},"thumbnailUrl":"https:\/\/quartier-rouge-be.com\/wp-content\/uploads\/2023\/10\/345534_1.jpg","datePublished":"2023-12-19T07:11:45+00:00","dateModified":"2025-06-18T12:36:28+00:00","description":"Kim6999 est une fille disponible en Belgique de Quartier Rouge BE que vous pouvez contacter. Contactez Kim6999 d\u00e8s aujourd&#039;hui. Quartier Rouge","breadcrumb":{"@id":"https:\/\/quartier-rouge-be.com\/escort\/kim6999\/#breadcrumb"},"inLanguage":"fr-BE","potentialAction":[{"@type":"ReadAction","target":["https:\/\/quartier-rouge-be.com\/escort\/kim6999\/"]}]},{"@type":"ImageObject","inLanguage":"fr-BE","@id":"https:\/\/quartier-rouge-be.com\/escort\/kim6999\/#primaryimage","url":"https:\/\/quartier-rouge-be.com\/wp-content\/uploads\/2023\/10\/345534_1.jpg","contentUrl":"https:\/\/quartier-rouge-be.com\/wp-content\/uploads\/2023\/10\/345534_1.jpg","caption":"Kim6999"},{"@type":"BreadcrumbList","@id":"https:\/\/quartier-rouge-be.com\/escort\/kim6999\/#breadcrumb","itemListElement":[{"@type":"ListItem","position":1,"name":"Home","item":"https:\/\/quartier-rouge-be.com\/"},{"@type":"ListItem","position":2,"name":"Quartier Rouge Escorts","item":"https:\/\/quartier-rouge-be.com\/"},{"@type":"ListItem","position":3,"name":"Kim6999"}]},{"@type":"WebSite","@id":"https:\/\/quartier-rouge-be.com\/#website","url":"https:\/\/quartier-rouge-be.com\/","name":"Quartier Rouge BE","description":"","publisher":{"@id":"https:\/\/quartier-rouge-be.com\/#organization"},"alternateName":"Escorts","potentialAction":[{"@type":"SearchAction","target":{"@type":"EntryPoint","urlTemplate":"https:\/\/quartier-rouge-be.com\/?s={search_term_string}"},"query-input":{"@type":"PropertyValueSpecification","valueRequired":true,"valueName":"search_term_string"}}],"inLanguage":"fr-BE"},{"@type":"Organization","@id":"https:\/\/quartier-rouge-be.com\/#organization","name":"Quartier Rouge BE","url":"https:\/\/quartier-rouge-be.com\/","logo":{"@type":"ImageObject","inLanguage":"fr-BE","@id":"https:\/\/quartier-rouge-be.com\/#\/schema\/logo\/image\/","url":"https:\/\/quartier-rouge-be.com\/wp-content\/uploads\/2023\/10\/cropped-Quartier-rouge-be.png","contentUrl":"https:\/\/quartier-rouge-be.com\/wp-content\/uploads\/2023\/10\/cropped-Quartier-rouge-be.png","width":235,"height":38,"caption":"Quartier Rouge BE"},"image":{"@id":"https:\/\/quartier-rouge-be.com\/#\/schema\/logo\/image\/"}}]}},"_links":{"self":[{"href":"https:\/\/quartier-rouge-be.com\/fr\/wp-json\/wp\/v2\/product\/345534","targetHints":{"allow":["GET"]}}],"collection":[{"href":"https:\/\/quartier-rouge-be.com\/fr\/wp-json\/wp\/v2\/product"}],"about":[{"href":"https:\/\/quartier-rouge-be.com\/fr\/wp-json\/wp\/v2\/types\/product"}],"wp:featuredmedia":[{"embeddable":true,"href":"https:\/\/quartier-rouge-be.com\/fr\/wp-json\/wp\/v2\/media\/12395043"}],"wp:attachment":[{"href":"https:\/\/quartier-rouge-be.com\/fr\/wp-json\/wp\/v2\/media?parent=345534"}],"wp:term":[{"taxonomy":"product_brand","embeddable":true,"href":"https:\/\/quartier-rouge-be.com\/fr\/wp-json\/wp\/v2\/product_brand?post=345534"},{"taxonomy":"product_cat","embeddable":true,"href":"https:\/\/quartier-rouge-be.com\/fr\/wp-json\/wp\/v2\/product_cat?post=345534"},{"taxonomy":"product_tag","embeddable":true,"href":"https:\/\/quartier-rouge-be.com\/fr\/wp-json\/wp\/v2\/product_tag?post=345534"}],"curies":[{"name":"wp","href":"https:\/\/api.w.org\/{rel}","templated":true}]}}