{"id":345474,"date":"2025-06-18T10:07:17","date_gmt":"2025-06-18T10:07:17","guid":{"rendered":"https:\/\/quartier-rouge-be.com\/?post_type=product&#038;p=345474"},"modified":"2025-06-18T12:35:13","modified_gmt":"2025-06-18T12:35:13","slug":"voir1989","status":"publish","type":"product","link":"https:\/\/quartier-rouge-be.com\/fr\/escorte\/voir1989\/","title":{"rendered":"Voir1989"},"content":{"rendered":"<p>Je n&#039;ai rien \u00e0 voir avec l&#039;affection, c&#039;est le plus aim\u00e9 d&#039;une personne. Mais un homme pourra m\u00eame essayer de le faire.<\/p>","protected":false},"excerpt":{"rendered":"<p>Je n&#039;ai rien \u00e0 voir avec l&#039;affection, c&#039;est le plus aim\u00e9 d&#039;une personne. Mais un homme pourra m\u00eame essayer de le faire.<\/p>","protected":false},"featured_media":12399013,"template":"","meta":[],"product_brand":[],"product_cat":[2653],"product_tag":[2546,2545,2540,2539,2547,2544,2542,2543,2537,2538,2541],"class_list":{"0":"post-345474","1":"product","2":"type-product","3":"status-publish","4":"has-post-thumbnail","6":"product_cat-brussel-escorts","7":"product_tag-4myfans","8":"product_tag-escort-girls","9":"product_tag-hot-girls","10":"product_tag-meet-girls","11":"product_tag-only-fans","12":"product_tag-prive-ontvangst","13":"product_tag-red-lights","14":"product_tag-redlichts","15":"product_tag-redlights","16":"product_tag-sexy-girls","17":"product_tag-youppie","18":"pa_enjoys-69-pleasure-with-escort-girls","19":"pa_enjoys-anal-fantasies-with-escort-girls","20":"pa_enjoys-being-dominated-with-escort-girls","21":"pa_enjoys-big-butt-escort-girls","22":"pa_enjoys-big-dick-pleasure-with-escort-girls","23":"pa_enjoys-big-tits-fantasies-with-escort-girls","24":"pa_enjoys-bisexual-fantasies-with-escort-girls","25":"pa_enjoys-blindfolding-pleasure-with-escort-girls","26":"pa_enjoys-butt-plug-with-escort-girls","27":"pa_enjoys-creampie-pleasure-with-escort-girl","28":"pa_enjoys-dildo-pleasures-with-escort-girls","29":"pa_enjoys-edging-fantasies-with-escort-girls","30":"pa_enjoys-experimental-fantasies-with-escort-girls","31":"pa_enjoys-handcuffs-fantasies-with-escort-girls","32":"pa_enjoys-kissing-pleasure-with-escort-girls","33":"pa_enjoys-lingerie-pleasure-with-escort-girls","34":"pa_enjoys-mature-desires-with-escort-girls","35":"pa_enjoys-role-play-with-escort-girls","37":"first","38":"instock","39":"shipping-taxable","40":"product-type-external"},"yoast_head":"<!-- This site is optimized with the Yoast SEO Premium plugin v22.3 (Yoast SEO v27.0) - https:\/\/yoast.com\/product\/yoast-seo-premium-wordpress\/ -->\n<title>Sesee1989 - Quartier-Rouge<\/title>\n<meta name=\"description\" content=\"Sesee1989 is a girl that is available in Belguim from Quartier Rouge BE for you to contact. Contact Sesee1989 today. Quartier-Rouge\" \/>\n<meta name=\"robots\" content=\"index, follow, max-snippet:-1, max-image-preview:large, max-video-preview:-1\" \/>\n<link rel=\"canonical\" href=\"https:\/\/quartier-rouge-be.com\/fr\/escorte\/voir1989\/\" \/>\n<meta property=\"og:locale\" content=\"fr_FR\" \/>\n<meta property=\"og:type\" content=\"article\" \/>\n<meta property=\"og:title\" content=\"Sesee1989\" \/>\n<meta property=\"og:description\" content=\"Sesee1989 is a girl that is available in Belguim from Quartier Rouge BE for you to contact. Contact Sesee1989 today. Quartier-Rouge\" \/>\n<meta property=\"og:url\" content=\"https:\/\/quartier-rouge-be.com\/fr\/escorte\/voir1989\/\" \/>\n<meta property=\"og:site_name\" content=\"Quartier-Rouge\" \/>\n<meta property=\"article:modified_time\" content=\"2025-06-18T12:35:13+00:00\" \/>\n<meta property=\"og:image\" content=\"https:\/\/quartier-rouge-be.com\/wp-content\/uploads\/2023\/10\/345474_1.jpg\" \/>\n\t<meta property=\"og:image:width\" content=\"1\" \/>\n\t<meta property=\"og:image:height\" content=\"1\" \/>\n\t<meta property=\"og:image:type\" content=\"image\/jpeg\" \/>\n<meta name=\"twitter:card\" content=\"summary_large_image\" \/>\n<script type=\"application\/ld+json\" class=\"yoast-schema-graph\">{\"@context\":\"https:\/\/schema.org\",\"@graph\":[{\"@type\":\"WebPage\",\"@id\":\"https:\/\/quartier-rouge-be.com\/escort\/sesee1989\/\",\"url\":\"https:\/\/quartier-rouge-be.com\/escort\/sesee1989\/\",\"name\":\"Sesee1989 - Quartier-Rouge\",\"isPartOf\":{\"@id\":\"https:\/\/quartier-rouge-be.com\/#website\"},\"primaryImageOfPage\":{\"@id\":\"https:\/\/quartier-rouge-be.com\/escort\/sesee1989\/#primaryimage\"},\"image\":{\"@id\":\"https:\/\/quartier-rouge-be.com\/escort\/sesee1989\/#primaryimage\"},\"thumbnailUrl\":\"https:\/\/quartier-rouge-be.com\/wp-content\/uploads\/2023\/10\/345474_1.jpg\",\"datePublished\":\"2025-06-18T10:07:17+00:00\",\"dateModified\":\"2025-06-18T12:35:13+00:00\",\"description\":\"Sesee1989 is a girl that is available in Belguim from Quartier Rouge BE for you to contact. Contact Sesee1989 today. Quartier-Rouge\",\"breadcrumb\":{\"@id\":\"https:\/\/quartier-rouge-be.com\/escort\/sesee1989\/#breadcrumb\"},\"inLanguage\":\"fr-BE\",\"potentialAction\":[{\"@type\":\"ReadAction\",\"target\":[\"https:\/\/quartier-rouge-be.com\/escort\/sesee1989\/\"]}]},{\"@type\":\"ImageObject\",\"inLanguage\":\"fr-BE\",\"@id\":\"https:\/\/quartier-rouge-be.com\/escort\/sesee1989\/#primaryimage\",\"url\":\"https:\/\/quartier-rouge-be.com\/wp-content\/uploads\/2023\/10\/345474_1.jpg\",\"contentUrl\":\"https:\/\/quartier-rouge-be.com\/wp-content\/uploads\/2023\/10\/345474_1.jpg\",\"caption\":\"Sesee1989\"},{\"@type\":\"BreadcrumbList\",\"@id\":\"https:\/\/quartier-rouge-be.com\/escort\/sesee1989\/#breadcrumb\",\"itemListElement\":[{\"@type\":\"ListItem\",\"position\":1,\"name\":\"Home\",\"item\":\"https:\/\/quartier-rouge-be.com\/\"},{\"@type\":\"ListItem\",\"position\":2,\"name\":\"Quartier Rouge Escorts\",\"item\":\"https:\/\/quartier-rouge-be.com\/\"},{\"@type\":\"ListItem\",\"position\":3,\"name\":\"Sesee1989\"}]},{\"@type\":\"WebSite\",\"@id\":\"https:\/\/quartier-rouge-be.com\/#website\",\"url\":\"https:\/\/quartier-rouge-be.com\/\",\"name\":\"Quartier Rouge BE\",\"description\":\"\",\"publisher\":{\"@id\":\"https:\/\/quartier-rouge-be.com\/#organization\"},\"alternateName\":\"Escorts\",\"potentialAction\":[{\"@type\":\"SearchAction\",\"target\":{\"@type\":\"EntryPoint\",\"urlTemplate\":\"https:\/\/quartier-rouge-be.com\/?s={search_term_string}\"},\"query-input\":{\"@type\":\"PropertyValueSpecification\",\"valueRequired\":true,\"valueName\":\"search_term_string\"}}],\"inLanguage\":\"fr-BE\"},{\"@type\":\"Organization\",\"@id\":\"https:\/\/quartier-rouge-be.com\/#organization\",\"name\":\"Quartier Rouge BE\",\"url\":\"https:\/\/quartier-rouge-be.com\/\",\"logo\":{\"@type\":\"ImageObject\",\"inLanguage\":\"fr-BE\",\"@id\":\"https:\/\/quartier-rouge-be.com\/#\/schema\/logo\/image\/\",\"url\":\"https:\/\/quartier-rouge-be.com\/wp-content\/uploads\/2023\/10\/cropped-Quartier-rouge-be.png\",\"contentUrl\":\"https:\/\/quartier-rouge-be.com\/wp-content\/uploads\/2023\/10\/cropped-Quartier-rouge-be.png\",\"width\":235,\"height\":38,\"caption\":\"Quartier Rouge BE\"},\"image\":{\"@id\":\"https:\/\/quartier-rouge-be.com\/#\/schema\/logo\/image\/\"}}]}<\/script>\n<!-- \/ Yoast SEO Premium plugin. -->","yoast_head_json":{"title":"S\u00e9see1989 - Quartier-Rouge","description":"Sesee1989 est une fille disponible en Belgique de Quartier Rouge BE que vous pouvez contacter. Contactez Sesee1989 aujourd\u2019hui. Quartier Rouge","robots":{"index":"index","follow":"follow","max-snippet":"max-snippet:-1","max-image-preview":"max-image-preview:large","max-video-preview":"max-video-preview:-1"},"canonical":"https:\/\/quartier-rouge-be.com\/fr\/escorte\/voir1989\/","og_locale":"fr_FR","og_type":"article","og_title":"Sesee1989","og_description":"Sesee1989 is a girl that is available in Belguim from Quartier Rouge BE for you to contact. Contact Sesee1989 today. Quartier-Rouge","og_url":"https:\/\/quartier-rouge-be.com\/fr\/escorte\/voir1989\/","og_site_name":"Quartier-Rouge","article_modified_time":"2025-06-18T12:35:13+00:00","og_image":[{"url":"https:\/\/quartier-rouge-be.com\/wp-content\/uploads\/2023\/10\/345474_1.jpg","width":1,"height":1,"type":"image\/jpeg"}],"twitter_card":"summary_large_image","schema":{"@context":"https:\/\/schema.org","@graph":[{"@type":"WebPage","@id":"https:\/\/quartier-rouge-be.com\/escort\/sesee1989\/","url":"https:\/\/quartier-rouge-be.com\/escort\/sesee1989\/","name":"S\u00e9see1989 - Quartier-Rouge","isPartOf":{"@id":"https:\/\/quartier-rouge-be.com\/#website"},"primaryImageOfPage":{"@id":"https:\/\/quartier-rouge-be.com\/escort\/sesee1989\/#primaryimage"},"image":{"@id":"https:\/\/quartier-rouge-be.com\/escort\/sesee1989\/#primaryimage"},"thumbnailUrl":"https:\/\/quartier-rouge-be.com\/wp-content\/uploads\/2023\/10\/345474_1.jpg","datePublished":"2025-06-18T10:07:17+00:00","dateModified":"2025-06-18T12:35:13+00:00","description":"Sesee1989 est une fille disponible en Belgique de Quartier Rouge BE que vous pouvez contacter. Contactez Sesee1989 aujourd\u2019hui. Quartier Rouge","breadcrumb":{"@id":"https:\/\/quartier-rouge-be.com\/escort\/sesee1989\/#breadcrumb"},"inLanguage":"fr-BE","potentialAction":[{"@type":"ReadAction","target":["https:\/\/quartier-rouge-be.com\/escort\/sesee1989\/"]}]},{"@type":"ImageObject","inLanguage":"fr-BE","@id":"https:\/\/quartier-rouge-be.com\/escort\/sesee1989\/#primaryimage","url":"https:\/\/quartier-rouge-be.com\/wp-content\/uploads\/2023\/10\/345474_1.jpg","contentUrl":"https:\/\/quartier-rouge-be.com\/wp-content\/uploads\/2023\/10\/345474_1.jpg","caption":"Sesee1989"},{"@type":"BreadcrumbList","@id":"https:\/\/quartier-rouge-be.com\/escort\/sesee1989\/#breadcrumb","itemListElement":[{"@type":"ListItem","position":1,"name":"Home","item":"https:\/\/quartier-rouge-be.com\/"},{"@type":"ListItem","position":2,"name":"Quartier Rouge Escorts","item":"https:\/\/quartier-rouge-be.com\/"},{"@type":"ListItem","position":3,"name":"Sesee1989"}]},{"@type":"WebSite","@id":"https:\/\/quartier-rouge-be.com\/#website","url":"https:\/\/quartier-rouge-be.com\/","name":"Quartier Rouge BE","description":"","publisher":{"@id":"https:\/\/quartier-rouge-be.com\/#organization"},"alternateName":"Escorts","potentialAction":[{"@type":"SearchAction","target":{"@type":"EntryPoint","urlTemplate":"https:\/\/quartier-rouge-be.com\/?s={search_term_string}"},"query-input":{"@type":"PropertyValueSpecification","valueRequired":true,"valueName":"search_term_string"}}],"inLanguage":"fr-BE"},{"@type":"Organization","@id":"https:\/\/quartier-rouge-be.com\/#organization","name":"Quartier Rouge BE","url":"https:\/\/quartier-rouge-be.com\/","logo":{"@type":"ImageObject","inLanguage":"fr-BE","@id":"https:\/\/quartier-rouge-be.com\/#\/schema\/logo\/image\/","url":"https:\/\/quartier-rouge-be.com\/wp-content\/uploads\/2023\/10\/cropped-Quartier-rouge-be.png","contentUrl":"https:\/\/quartier-rouge-be.com\/wp-content\/uploads\/2023\/10\/cropped-Quartier-rouge-be.png","width":235,"height":38,"caption":"Quartier Rouge BE"},"image":{"@id":"https:\/\/quartier-rouge-be.com\/#\/schema\/logo\/image\/"}}]}},"_links":{"self":[{"href":"https:\/\/quartier-rouge-be.com\/fr\/wp-json\/wp\/v2\/product\/345474","targetHints":{"allow":["GET"]}}],"collection":[{"href":"https:\/\/quartier-rouge-be.com\/fr\/wp-json\/wp\/v2\/product"}],"about":[{"href":"https:\/\/quartier-rouge-be.com\/fr\/wp-json\/wp\/v2\/types\/product"}],"wp:featuredmedia":[{"embeddable":true,"href":"https:\/\/quartier-rouge-be.com\/fr\/wp-json\/wp\/v2\/media\/12399013"}],"wp:attachment":[{"href":"https:\/\/quartier-rouge-be.com\/fr\/wp-json\/wp\/v2\/media?parent=345474"}],"wp:term":[{"taxonomy":"product_brand","embeddable":true,"href":"https:\/\/quartier-rouge-be.com\/fr\/wp-json\/wp\/v2\/product_brand?post=345474"},{"taxonomy":"product_cat","embeddable":true,"href":"https:\/\/quartier-rouge-be.com\/fr\/wp-json\/wp\/v2\/product_cat?post=345474"},{"taxonomy":"product_tag","embeddable":true,"href":"https:\/\/quartier-rouge-be.com\/fr\/wp-json\/wp\/v2\/product_tag?post=345474"}],"curies":[{"name":"wp","href":"https:\/\/api.w.org\/{rel}","templated":true}]}}