{"id":12372819,"date":"2023-08-03T08:44:47","date_gmt":"2023-08-03T08:44:47","guid":{"rendered":"https:\/\/escortwp.site\/?page_id=12372819"},"modified":"2023-08-30T12:30:36","modified_gmt":"2023-08-30T12:30:36","slug":"liens","status":"publish","type":"page","link":"https:\/\/quartier-rouge-be.com\/fr\/liens\/","title":{"rendered":"Liens"},"content":{"rendered":"<div class=\"wpb-content-wrapper\"><div class=\"vc_row wpb_row vc_row-fluid\"><\/div><div class=\"wpb_column vc_column_container vc_col-sm-12\"><div class=\"vc_column-inner\"><div class=\"wpb_wrapper\"><\/div><\/div><\/div>\n\t<div class=\"wpb_text_column wpb_content_element\" >\n\t\t<div class=\"wpb_wrapper\">\n\t\t\t\n\t\t<\/div>\n\t<\/div><p class=\"has-text-align-center\">Trouvez les liens vers d\u2019autres sites d\u2019int\u00e9r\u00eat populaires. Si vous souhaitez \u00e9changer des liens ou des banni\u00e8res avec nous, veuillez <a href=\"https:\/\/quartier-rouge-be.com\/fr\/les-partenaires\/\">Cliquez ici<\/a> pour les d\u00e9tails de notre banni\u00e8re et de nos liens.<\/p>\r\n<div class=\"wplinktrade\"><div class=\"wplinktrade_stats wplinktrade_links\">\n      <table class=\"stats_table\" callspacing=\"1\">\n      <thead>\n      <tr>\n        <th>Site<\/th>\n        <th>Description<\/th><tr>\n  <td><a href=\"https:\/\/dubaiallescorts.com\/\" title=\"Dubai Belgium Escorts\" target=\"_blank\">\n        <img decoding=\"async\" data-src=\"https:\/\/quartier-rouge-be.com\/wp-content\/uploads\/wplinktrade\/no_photo_original_nop_468x60bb.png\" alt=\"Dubai Belgium Escorts\" width=\"468\" height=\"60\" src=\"data:image\/svg+xml;base64,PHN2ZyB3aWR0aD0iMSIgaGVpZ2h0PSIxIiB4bWxucz0iaHR0cDovL3d3dy53My5vcmcvMjAwMC9zdmciPjwvc3ZnPg==\" class=\"lazyload\" style=\"--smush-placeholder-width: 468px; --smush-placeholder-aspect-ratio: 468\/60;\" \/>\n      <\/a><\/td>\n  <td><\/td>\n<\/tr><tr>\n  <td><a href=\"https:\/\/maleescorthochiminhcity.com\/\" title=\"https:\/\/maleescorthochiminhcity.com\/wp-content\/uploads\/2025\/10\/adul-banner-3-1.png\" target=\"_blank\">\n        <img decoding=\"async\" data-src=\"https:\/\/quartier-rouge-be.com\/wp-content\/uploads\/wplinktrade\/adul-banner-3-1.png\" alt=\"https:\/\/maleescorthochiminhcity.com\/wp-content\/uploads\/2025\/10\/adul-banner-3-1.png\" width=\"468\" height=\"60\" src=\"data:image\/svg+xml;base64,PHN2ZyB3aWR0aD0iMSIgaGVpZ2h0PSIxIiB4bWxucz0iaHR0cDovL3d3dy53My5vcmcvMjAwMC9zdmciPjwvc3ZnPg==\" class=\"lazyload\" style=\"--smush-placeholder-width: 468px; --smush-placeholder-aspect-ratio: 468\/60;\" \/>\n      <\/a><\/td>\n  <td><\/td>\n<\/tr><tr>\n  <td><a href=\"https:\/\/www.sanjanakaur.in\/\" title=\"Sanjana Kaur Massage Parlors\" target=\"_blank\">\n        <img decoding=\"async\" data-src=\"https:\/\/quartier-rouge-be.com\/wp-content\/uploads\/wplinktrade\/massagebanner.jpg\" alt=\"Sanjana Kaur Massage Parlors\" width=\"468\" height=\"60\" src=\"data:image\/svg+xml;base64,PHN2ZyB3aWR0aD0iMSIgaGVpZ2h0PSIxIiB4bWxucz0iaHR0cDovL3d3dy53My5vcmcvMjAwMC9zdmciPjwvc3ZnPg==\" class=\"lazyload\" style=\"--smush-placeholder-width: 468px; --smush-placeholder-aspect-ratio: 468\/60;\" \/>\n      <\/a><\/td>\n  <td><\/td>\n<\/tr><tr>\n  <td><a href=\"https:\/\/straight-istanbul.com\/\" title=\"Male Escort for Women\" target=\"_blank\">\n        <img decoding=\"async\" data-src=\"https:\/\/quartier-rouge-be.com\/wp-content\/uploads\/wplinktrade\/1776525782907.png\" alt=\"Male Escort for Women\" width=\"468\" height=\"60\" src=\"data:image\/svg+xml;base64,PHN2ZyB3aWR0aD0iMSIgaGVpZ2h0PSIxIiB4bWxucz0iaHR0cDovL3d3dy53My5vcmcvMjAwMC9zdmciPjwvc3ZnPg==\" class=\"lazyload\" style=\"--smush-placeholder-width: 468px; --smush-placeholder-aspect-ratio: 468\/60;\" \/>\n      <\/a><\/td>\n  <td><\/td>\n<\/tr><\/tbody><\/table><\/div><\/div>\r\n<div class=\"wplinktrade\"><div class=\"wplinktrade_stats wplinktrade_links\">\n      <table class=\"stats_table\" callspacing=\"1\">\n      <thead>\n      <tr>\n        <th>Site<\/th>\n        <th>Description<\/th><tr>\n  <td><a href=\"https:\/\/gstaad.flymetoyou.ch\" title=\"Escortes Gstaad\" target=\"_blank\">Escortes Gstaad<\/a><\/td>\n  <td><\/td>  \n<\/tr><tr>\n  <td><a href=\"https:\/\/thotslay.com\" title=\"Meilleurs sites porno\" target=\"_blank\">Thotslay<\/a><\/td>\n  <td><\/td>  \n<\/tr><tr>\n  <td><a href=\"https:\/\/indianporndude.com\" title=\"Meilleurs sites porno\" target=\"_blank\">IndianPornDude<\/a><\/td>\n  <td><\/td>  \n<\/tr><tr>\n  <td><a href=\"https:\/\/abudhabiescorts.cfd\/\" title=\"Abu Dhabi Escorts Belgium\" target=\"_blank\">Abu Dhabi Escorts<\/a><\/td>\n  <td><\/td>  \n<\/tr><tr>\n  <td><a href=\"https:\/\/interracialxxx.xyz\" title=\"Porno interracial gratuit\" target=\"_blank\">Interracialxxx<\/a><\/td>\n  <td><\/td>  \n<\/tr><tr>\n  <td><a href=\"https:\/\/uaeescorts.club\/\" title=\"Uae Escorts club\" target=\"_blank\">Uae Escorts<\/a><\/td>\n  <td><\/td>  \n<\/tr><tr>\n  <td><a href=\"https:\/\/uaeescorts.sbs\/\" title=\"Uae Escorts\" target=\"_blank\">Uae Escorts<\/a><\/td>\n  <td><\/td>  \n<\/tr><tr>\n  <td><a href=\"https:\/\/saudiescorts.sbs\/\" title=\"Saudi Escorts\" target=\"_blank\">Saudi Escorts<\/a><\/td>\n  <td><\/td>  \n<\/tr><tr>\n  <td><a href=\"https:\/\/freebbwporn.xyz\" title=\"Gratuit BBW Porno\" target=\"_blank\">Gratuit BBW Porno<\/a><\/td>\n  <td><\/td>  \n<\/tr><tr>\n  <td><a href=\"https:\/\/freecartoonporn.xyz\" title=\"Porno de dessin anim\u00e9 gratuit\" target=\"_blank\">Porno de dessin anim\u00e9 gratuit<\/a><\/td>\n  <td><\/td>  \n<\/tr><tr>\n  <td><a href=\"https:\/\/freeindianporn.xyz\" title=\"Porno indien gratuit\" target=\"_blank\">Porno indien gratuit<\/a><\/td>\n  <td><\/td>  \n<\/tr><tr>\n  <td><a href=\"https:\/\/freelesbianporn.xyz\" title=\"Porno lesbien gratuit\" target=\"_blank\">Porno lesbien gratuit<\/a><\/td>\n  <td><\/td>  \n<\/tr><tr>\n  <td><a href=\"https:\/\/leakdump.com\" title=\"D\u00e9versement de fuites\" target=\"_blank\">D\u00e9versement de fuites<\/a><\/td>\n  <td><\/td>  \n<\/tr><tr>\n  <td><a href=\"https:\/\/hookupian.com\" title=\"Hookupian\" target=\"_blank\">Hookupian<\/a><\/td>\n  <td><\/td>  \n<\/tr><tr>\n  <td><a href=\"https:\/\/escortsxoxo.com\/\" title=\"Dubai Belgium Escorts\" target=\"_blank\">Escortsxoxo.com<\/a><\/td>\n  <td><\/td>  \n<\/tr><tr>\n  <td><a href=\"https:\/\/abudhabiescorts.sbs\/\" title=\"Abu Dhabi Escorts\" target=\"_blank\">Abu Dhabi Escorts<\/a><\/td>\n  <td><\/td>  \n<\/tr><tr>\n  <td><a href=\"https:\/\/uaeescorts.cfd\/\" title=\"Uae Escorts\" target=\"_blank\">Uae Escorts<\/a><\/td>\n  <td><\/td>  \n<\/tr><tr>\n  <td><a href=\"https:\/\/bahrainescorts.cfd\/\" title=\"Bahrain Escorts\" target=\"_blank\">Bahrain Escorts<\/a><\/td>\n  <td><\/td>  \n<\/tr><tr>\n  <td><a href=\"https:\/\/bahrainescorts.sbs\/\" title=\"Bahrain escorts\" target=\"_blank\">Bahrainescorts<\/a><\/td>\n  <td><\/td>  \n<\/tr><tr>\n  <td><a href=\"https:\/\/dubaiescortsthai.xyz\/\" title=\"Dubai Escorts Thai\" target=\"_blank\">Dubai Escorts Thai<\/a><\/td>\n  <td><\/td>  \n<\/tr><tr>\n  <td><a href=\"https:\/\/dubaiescorts.sbs\/\" title=\"Escortes de Duba\u00ef\" target=\"_blank\">Escortes de Duba\u00ef<\/a><\/td>\n  <td><\/td>  \n<\/tr><tr>\n  <td><a href=\"https:\/\/qatarescorts.cfd\/\" title=\"Qatar Escorts\" target=\"_blank\">Qatar Escorts<\/a><\/td>\n  <td><\/td>  \n<\/tr><tr>\n  <td><a href=\"https:\/\/dubaiescortsru.xyz\/\" title=\"Dubai Escorts Russian\" target=\"_blank\">Dubai Escorts Russian<\/a><\/td>\n  <td><\/td>  \n<\/tr><tr>\n  <td><a href=\"https:\/\/omanescorts.sbs\/\" title=\"Oman escorts\" target=\"_blank\">Oman escorts<\/a><\/td>\n  <td><\/td>  \n<\/tr><tr>\n  <td><a href=\"https:\/\/saudiescorts.cfd\/\" title=\"Saudi Escorts\" target=\"_blank\">Saudi Escorts<\/a><\/td>\n  <td><\/td>  \n<\/tr><tr>\n  <td><a href=\"https:\/\/qatarescorts.sbs\/\" title=\"Qatar Escorts\" target=\"_blank\">Qatar Escorts<\/a><\/td>\n  <td><\/td>  \n<\/tr><tr>\n  <td><a href=\"https:\/\/omanescorts.cfd\/\" title=\"Oman Escorts\" target=\"_blank\">Oman Escorts<\/a><\/td>\n  <td><\/td>  \n<\/tr><tr>\n  <td><a href=\"https:\/\/mastidesi.com\" title=\"MastiDesi\" target=\"_blank\">MastiDesi<\/a><\/td>\n  <td><\/td>  \n<\/tr><\/tbody><\/table><\/div><\/div>\r\n<p><\/p>\r\n<p><\/div>","protected":false},"excerpt":{"rendered":"","protected":false},"author":8,"featured_media":0,"parent":0,"menu_order":0,"comment_status":"closed","ping_status":"closed","template":"","meta":{"footnotes":""},"class_list":["post-12372819","page","type-page","status-publish","hentry"],"yoast_head":"<!-- This site is optimized with the Yoast SEO Premium plugin v22.3 (Yoast SEO v27.3) - https:\/\/yoast.com\/product\/yoast-seo-premium-wordpress\/ -->\n<title>Links - Quartier-Rouge<\/title>\n<meta name=\"robots\" content=\"index, follow, max-snippet:-1, max-image-preview:large, max-video-preview:-1\" \/>\n<link rel=\"canonical\" href=\"https:\/\/quartier-rouge-be.com\/fr\/liens\/\" \/>\n<meta property=\"og:locale\" content=\"fr_FR\" \/>\n<meta property=\"og:type\" content=\"article\" \/>\n<meta property=\"og:title\" content=\"Links\" \/>\n<meta property=\"og:url\" content=\"https:\/\/quartier-rouge-be.com\/fr\/liens\/\" \/>\n<meta property=\"og:site_name\" content=\"Quartier-Rouge\" \/>\n<meta property=\"article:modified_time\" content=\"2023-08-30T12:30:36+00:00\" \/>\n<meta property=\"og:image\" content=\"https:\/\/quartier-rouge-be.com\/wp-content\/uploads\/2023\/07\/240_F_255808781_hRzYHqSYoErNy3JZDVKaI1CHHtDcTl20-1.webp\" \/>\n\t<meta property=\"og:image:width\" content=\"350\" \/>\n\t<meta property=\"og:image:height\" content=\"240\" \/>\n\t<meta property=\"og:image:type\" content=\"image\/webp\" \/>\n<meta name=\"twitter:card\" content=\"summary_large_image\" \/>\n<meta name=\"twitter:label1\" content=\"Est. reading time\" \/>\n\t<meta name=\"twitter:data1\" content=\"1 minute\" \/>\n<script type=\"application\/ld+json\" class=\"yoast-schema-graph\">{\"@context\":\"https:\\\/\\\/schema.org\",\"@graph\":[{\"@type\":\"WebPage\",\"@id\":\"https:\\\/\\\/quartier-rouge-be.com\\\/links\\\/\",\"url\":\"https:\\\/\\\/quartier-rouge-be.com\\\/links\\\/\",\"name\":\"Links - Quartier-Rouge\",\"isPartOf\":{\"@id\":\"https:\\\/\\\/quartier-rouge-be.com\\\/#website\"},\"datePublished\":\"2023-08-03T08:44:47+00:00\",\"dateModified\":\"2023-08-30T12:30:36+00:00\",\"breadcrumb\":{\"@id\":\"https:\\\/\\\/quartier-rouge-be.com\\\/links\\\/#breadcrumb\"},\"inLanguage\":\"fr-BE\",\"potentialAction\":[{\"@type\":\"ReadAction\",\"target\":[\"https:\\\/\\\/quartier-rouge-be.com\\\/links\\\/\"]}]},{\"@type\":\"BreadcrumbList\",\"@id\":\"https:\\\/\\\/quartier-rouge-be.com\\\/links\\\/#breadcrumb\",\"itemListElement\":[{\"@type\":\"ListItem\",\"position\":1,\"name\":\"Home\",\"item\":\"https:\\\/\\\/quartier-rouge-be.com\\\/\"},{\"@type\":\"ListItem\",\"position\":2,\"name\":\"Links\"}]},{\"@type\":\"WebSite\",\"@id\":\"https:\\\/\\\/quartier-rouge-be.com\\\/#website\",\"url\":\"https:\\\/\\\/quartier-rouge-be.com\\\/\",\"name\":\"Quartier Rouge BE\",\"description\":\"\",\"publisher\":{\"@id\":\"https:\\\/\\\/quartier-rouge-be.com\\\/#organization\"},\"alternateName\":\"Escorts\",\"potentialAction\":[{\"@type\":\"SearchAction\",\"target\":{\"@type\":\"EntryPoint\",\"urlTemplate\":\"https:\\\/\\\/quartier-rouge-be.com\\\/?s={search_term_string}\"},\"query-input\":{\"@type\":\"PropertyValueSpecification\",\"valueRequired\":true,\"valueName\":\"search_term_string\"}}],\"inLanguage\":\"fr-BE\"},{\"@type\":\"Organization\",\"@id\":\"https:\\\/\\\/quartier-rouge-be.com\\\/#organization\",\"name\":\"Quartier Rouge BE\",\"url\":\"https:\\\/\\\/quartier-rouge-be.com\\\/\",\"logo\":{\"@type\":\"ImageObject\",\"inLanguage\":\"fr-BE\",\"@id\":\"https:\\\/\\\/quartier-rouge-be.com\\\/#\\\/schema\\\/logo\\\/image\\\/\",\"url\":\"https:\\\/\\\/quartier-rouge-be.com\\\/wp-content\\\/uploads\\\/2023\\\/10\\\/cropped-Quartier-rouge-be.png\",\"contentUrl\":\"https:\\\/\\\/quartier-rouge-be.com\\\/wp-content\\\/uploads\\\/2023\\\/10\\\/cropped-Quartier-rouge-be.png\",\"width\":235,\"height\":38,\"caption\":\"Quartier Rouge BE\"},\"image\":{\"@id\":\"https:\\\/\\\/quartier-rouge-be.com\\\/#\\\/schema\\\/logo\\\/image\\\/\"}}]}<\/script>\n<!-- \/ Yoast SEO Premium plugin. -->","yoast_head_json":{"title":"Liens - Quartier-Rouge","robots":{"index":"index","follow":"follow","max-snippet":"max-snippet:-1","max-image-preview":"max-image-preview:large","max-video-preview":"max-video-preview:-1"},"canonical":"https:\/\/quartier-rouge-be.com\/fr\/liens\/","og_locale":"fr_FR","og_type":"article","og_title":"Links","og_url":"https:\/\/quartier-rouge-be.com\/fr\/liens\/","og_site_name":"Quartier-Rouge","article_modified_time":"2023-08-30T12:30:36+00:00","og_image":[{"width":350,"height":240,"url":"https:\/\/quartier-rouge-be.com\/wp-content\/uploads\/2023\/07\/240_F_255808781_hRzYHqSYoErNy3JZDVKaI1CHHtDcTl20-1.webp","type":"image\/webp"}],"twitter_card":"summary_large_image","twitter_misc":{"Est. reading time":"1 minute"},"schema":{"@context":"https:\/\/schema.org","@graph":[{"@type":"WebPage","@id":"https:\/\/quartier-rouge-be.com\/links\/","url":"https:\/\/quartier-rouge-be.com\/links\/","name":"Liens - Quartier-Rouge","isPartOf":{"@id":"https:\/\/quartier-rouge-be.com\/#website"},"datePublished":"2023-08-03T08:44:47+00:00","dateModified":"2023-08-30T12:30:36+00:00","breadcrumb":{"@id":"https:\/\/quartier-rouge-be.com\/links\/#breadcrumb"},"inLanguage":"fr-BE","potentialAction":[{"@type":"ReadAction","target":["https:\/\/quartier-rouge-be.com\/links\/"]}]},{"@type":"BreadcrumbList","@id":"https:\/\/quartier-rouge-be.com\/links\/#breadcrumb","itemListElement":[{"@type":"ListItem","position":1,"name":"Home","item":"https:\/\/quartier-rouge-be.com\/"},{"@type":"ListItem","position":2,"name":"Links"}]},{"@type":"WebSite","@id":"https:\/\/quartier-rouge-be.com\/#website","url":"https:\/\/quartier-rouge-be.com\/","name":"Quartier Rouge BE","description":"","publisher":{"@id":"https:\/\/quartier-rouge-be.com\/#organization"},"alternateName":"Escorts","potentialAction":[{"@type":"SearchAction","target":{"@type":"EntryPoint","urlTemplate":"https:\/\/quartier-rouge-be.com\/?s={search_term_string}"},"query-input":{"@type":"PropertyValueSpecification","valueRequired":true,"valueName":"search_term_string"}}],"inLanguage":"fr-BE"},{"@type":"Organization","@id":"https:\/\/quartier-rouge-be.com\/#organization","name":"Quartier Rouge BE","url":"https:\/\/quartier-rouge-be.com\/","logo":{"@type":"ImageObject","inLanguage":"fr-BE","@id":"https:\/\/quartier-rouge-be.com\/#\/schema\/logo\/image\/","url":"https:\/\/quartier-rouge-be.com\/wp-content\/uploads\/2023\/10\/cropped-Quartier-rouge-be.png","contentUrl":"https:\/\/quartier-rouge-be.com\/wp-content\/uploads\/2023\/10\/cropped-Quartier-rouge-be.png","width":235,"height":38,"caption":"Quartier Rouge BE"},"image":{"@id":"https:\/\/quartier-rouge-be.com\/#\/schema\/logo\/image\/"}}]}},"_links":{"self":[{"href":"https:\/\/quartier-rouge-be.com\/fr\/wp-json\/wp\/v2\/pages\/12372819","targetHints":{"allow":["GET"]}}],"collection":[{"href":"https:\/\/quartier-rouge-be.com\/fr\/wp-json\/wp\/v2\/pages"}],"about":[{"href":"https:\/\/quartier-rouge-be.com\/fr\/wp-json\/wp\/v2\/types\/page"}],"author":[{"embeddable":true,"href":"https:\/\/quartier-rouge-be.com\/fr\/wp-json\/wp\/v2\/users\/8"}],"replies":[{"embeddable":true,"href":"https:\/\/quartier-rouge-be.com\/fr\/wp-json\/wp\/v2\/comments?post=12372819"}],"version-history":[{"count":5,"href":"https:\/\/quartier-rouge-be.com\/fr\/wp-json\/wp\/v2\/pages\/12372819\/revisions"}],"predecessor-version":[{"id":12372866,"href":"https:\/\/quartier-rouge-be.com\/fr\/wp-json\/wp\/v2\/pages\/12372819\/revisions\/12372866"}],"wp:attachment":[{"href":"https:\/\/quartier-rouge-be.com\/fr\/wp-json\/wp\/v2\/media?parent=12372819"}],"curies":[{"name":"wp","href":"https:\/\/api.w.org\/{rel}","templated":true}]}}